{"id":121,"date":"2020-09-09T08:27:44","date_gmt":"2020-09-09T08:27:44","guid":{"rendered":"http:\/\/protec-auto.de\/?page_id=121"},"modified":"2022-01-28T12:00:37","modified_gmt":"2022-01-28T11:00:37","slug":"qualitaetssicherung","status":"publish","type":"page","link":"https:\/\/protecweb.de\/en\/qualitaetssicherung\/","title":{"rendered":"Quality Assurance"},"content":{"rendered":"<p><\/p>\n\n\n\n<p>The key competence of our company lies in quality assurance through industrial image processing. The main focus is on surface inspection, transmitted light analysis and profile measurement. We utilize special sensors, area cameras, line scan cameras and 2D\/3D laser sensors.<\/p>\n\n\n\n<div class=\"wp-block-cover is-light\"><span aria-hidden=\"true\" class=\"wp-block-cover__gradient-background has-background-dim\"><\/span><img loading=\"lazy\" decoding=\"async\" width=\"2560\" height=\"1707\" class=\"wp-block-cover__image-background wp-image-48\" alt=\"\" src=\"https:\/\/protecweb.de\/wp-content\/uploads\/2020\/09\/1355496497-scaled-e1600343996620.jpg\" data-object-fit=\"cover\" srcset=\"https:\/\/protecweb.de\/wp-content\/uploads\/2020\/09\/1355496497-scaled-e1600343996620.jpg 2560w, https:\/\/protecweb.de\/wp-content\/uploads\/2020\/09\/1355496497-scaled-e1600343996620-300x200.jpg 300w, https:\/\/protecweb.de\/wp-content\/uploads\/2020\/09\/1355496497-scaled-e1600343996620-1024x683.jpg 1024w, https:\/\/protecweb.de\/wp-content\/uploads\/2020\/09\/1355496497-scaled-e1600343996620-768x512.jpg 768w, https:\/\/protecweb.de\/wp-content\/uploads\/2020\/09\/1355496497-scaled-e1600343996620-2048x1366.jpg 2048w, https:\/\/protecweb.de\/wp-content\/uploads\/2020\/09\/1355496497-scaled-e1600343996620-1536x1024.jpg 1536w, https:\/\/protecweb.de\/wp-content\/uploads\/2020\/09\/1355496497-scaled-e1600343996620-90x60.jpg 90w\" sizes=\"auto, (max-width: 2560px) 100vw, 2560px\" \/><div class=\"wp-block-cover__inner-container is-layout-flow wp-block-cover-is-layout-flow\">\n<p class=\"has-text-align-center has-white-color has-text-color has-large-font-size\">Flexibility through individualization<\/p>\n<\/div><\/div>\n\n\n\n<p><\/p>\n\n\n\n<p>We adapt our measuring systems so that they can be seamlessly integrated into your production. Our inspection method is contact-free, non-destructive and usually fully automated. On request, we create interfaces to your infrastructure so that our systems can be configured for production without manual interaction.<\/p>\n\n\n\n<hr class=\"wp-block-separator\"\/>\n\n\n\n<p>In the following we show a few examples from our product portfolio to give you an insight into our work. Please <a href=\"https:\/\/protecweb.de\/en\/kontakt\/\" data-type=\"page\" data-id=\"8\" target=\"_blank\" rel=\"noreferrer noopener\">contact us<\/a> for further information.<\/p>\n\n\n\n<div class=\"wp-block-media-text alignwide is-stacked-on-mobile\"><figure class=\"wp-block-media-text__media\"><a href=\"https:\/\/protecweb.de\/en\/thermografie-messsystem-tahl\/\"><img loading=\"lazy\" decoding=\"async\" width=\"1024\" height=\"616\" src=\"https:\/\/protecweb.de\/wp-content\/uploads\/2021\/10\/TahlSoftware-1024x616.jpg\" alt=\"\" class=\"wp-image-314 size-full\" srcset=\"https:\/\/protecweb.de\/wp-content\/uploads\/2021\/10\/TahlSoftware-1024x616.jpg 1024w, https:\/\/protecweb.de\/wp-content\/uploads\/2021\/10\/TahlSoftware-300x180.jpg 300w, https:\/\/protecweb.de\/wp-content\/uploads\/2021\/10\/TahlSoftware-768x462.jpg 768w, https:\/\/protecweb.de\/wp-content\/uploads\/2021\/10\/TahlSoftware-1536x923.jpg 1536w, https:\/\/protecweb.de\/wp-content\/uploads\/2021\/10\/TahlSoftware-18x12.jpg 18w, https:\/\/protecweb.de\/wp-content\/uploads\/2021\/10\/TahlSoftware-100x60.jpg 100w, https:\/\/protecweb.de\/wp-content\/uploads\/2021\/10\/TahlSoftware.jpg 1680w\" sizes=\"auto, (max-width: 1024px) 100vw, 1024px\" \/><\/a><\/figure><div class=\"wp-block-media-text__content\">\n<p class=\"has-text-color has-medium-font-size\" style=\"color:#004b96\"><strong>TAHL<\/strong><\/p>\n\n\n\n<p><em>Intelligent thermographic analysis<\/em><\/p>\n\n\n\n<p>Compact design<br>Automatic measuring methods<\/p>\n\n\n\n<p><a href=\"https:\/\/protecweb.de\/en\/thermografie-messsystem-tahl\/\" class=\"ek-link\">Learn more<\/a><\/p>\n<\/div><\/div>\n\n\n\n<p><\/p>\n\n\n\n<div class=\"wp-block-media-text alignwide is-stacked-on-mobile\"><figure class=\"wp-block-media-text__media\"><a href=\"https:\/\/protecweb.de\/wp-content\/uploads\/2020\/09\/c4262bab-a265-41b1-8fb5-f4b1b7388618-e1600770982845.png\"><img loading=\"lazy\" decoding=\"async\" width=\"1024\" height=\"768\" src=\"https:\/\/protecweb.de\/wp-content\/uploads\/2020\/09\/c4262bab-a265-41b1-8fb5-f4b1b7388618-e1600766898903-1024x768.png\" alt=\"\" class=\"wp-image-195 size-full\"\/><\/a><\/figure><div class=\"wp-block-media-text__content\">\n<p class=\"has-text-color has-medium-font-size\" style=\"color:#004b96\"><strong>SPACS<\/strong><\/p>\n\n\n\n<p><em>High-speed microscopy with high depth of focus<\/em><\/p>\n\n\n\n<p>20 Megapixel resolution<br>15 x 10 mm image area<br>60 m\/min production speed<\/p>\n<\/div><\/div>\n\n\n\n<p><\/p>\n\n\n\n<div class=\"wp-block-media-text alignwide is-stacked-on-mobile\"><figure class=\"wp-block-media-text__media\"><a href=\"https:\/\/protecweb.de\/wp-content\/uploads\/2020\/09\/5f1951fc-d5a7-4f8b-8a32-43cf64944a2e-e1601303552143.png\"><img loading=\"lazy\" decoding=\"async\" width=\"1024\" height=\"768\" src=\"https:\/\/protecweb.de\/wp-content\/uploads\/2020\/09\/5f1951fc-d5a7-4f8b-8a32-43cf64944a2e-e1601303513176-1024x768.png\" alt=\"\" class=\"wp-image-224 size-full\"\/><\/a><\/figure><div class=\"wp-block-media-text__content\">\n<p class=\"has-text-color has-medium-font-size\" style=\"color:#004b96\"><strong>CISWA<\/strong><\/p>\n\n\n\n<p>Scans tool profiles <em>with CAD data matching in less than 10 seconds<\/em><\/p>\n\n\n\n<p>Measures diameter, run-out, form and surface defects<br>6.3 \u00b5m repeatability<\/p>\n<\/div><\/div>\n\n\n\n<p><\/p>\n\n\n\n<div class=\"wp-block-media-text alignwide is-stacked-on-mobile\"><figure class=\"wp-block-media-text__media\"><a href=\"https:\/\/protecweb.de\/en\/riefenerkennung\/\"><img loading=\"lazy\" decoding=\"async\" width=\"1024\" height=\"768\" src=\"https:\/\/protecweb.de\/wp-content\/uploads\/2022\/01\/20211115_130531-1.jpg\" alt=\"\" class=\"wp-image-374 size-full\" srcset=\"https:\/\/protecweb.de\/wp-content\/uploads\/2022\/01\/20211115_130531-1.jpg 1024w, https:\/\/protecweb.de\/wp-content\/uploads\/2022\/01\/20211115_130531-1-300x225.jpg 300w, https:\/\/protecweb.de\/wp-content\/uploads\/2022\/01\/20211115_130531-1-768x576.jpg 768w, https:\/\/protecweb.de\/wp-content\/uploads\/2022\/01\/20211115_130531-1-16x12.jpg 16w, https:\/\/protecweb.de\/wp-content\/uploads\/2022\/01\/20211115_130531-1-80x60.jpg 80w\" sizes=\"auto, (max-width: 1024px) 100vw, 1024px\" \/><\/a><\/figure><div class=\"wp-block-media-text__content\">\n<p class=\"has-text-color has-medium-font-size\" style=\"color:#004b96\"><strong>Scratch Detection<\/strong><\/p>\n\n\n\n<p>360\u00b0 <em>surface inspection and profile measurement<\/em><\/p>\n\n\n\n<p>Non-contact optical analysis<br>Scratch detection and dimensioning<br>150 m\/min production speed<\/p>\n\n\n\n<p><a href=\"https:\/\/protecweb.de\/en\/riefenerkennung\/\" class=\"ek-link\">Learn more<\/a><\/p>\n<\/div><\/div>\n\n\n\n<p><\/p>\n\n\n\n<div class=\"wp-block-media-text alignwide is-stacked-on-mobile\"><figure class=\"wp-block-media-text__media\"><a href=\"https:\/\/protecweb.de\/wp-content\/uploads\/2020\/09\/ls-e1600767370552.png\"><img loading=\"lazy\" decoding=\"async\" width=\"1024\" height=\"768\" src=\"https:\/\/protecweb.de\/wp-content\/uploads\/2020\/09\/ls-e1600767370552-1024x768.png\" alt=\"\" class=\"wp-image-167 size-full\" srcset=\"https:\/\/protecweb.de\/wp-content\/uploads\/2020\/09\/ls-e1600767370552-1024x768.png 1024w, https:\/\/protecweb.de\/wp-content\/uploads\/2020\/09\/ls-e1600767370552-300x225.png 300w, https:\/\/protecweb.de\/wp-content\/uploads\/2020\/09\/ls-e1600767370552-768x576.png 768w, https:\/\/protecweb.de\/wp-content\/uploads\/2020\/09\/ls-e1600767370552-80x60.png 80w, https:\/\/protecweb.de\/wp-content\/uploads\/2020\/09\/ls-e1600767370552.png 1182w\" sizes=\"auto, (max-width: 1024px) 100vw, 1024px\" \/><\/a><\/figure><div class=\"wp-block-media-text__content\">\n<p class=\"has-text-color has-medium-font-size\" style=\"color:#004b96\"><strong>BATS<\/strong><\/p>\n\n\n\n<p><em>Two-sided belt analysis<\/em><\/p>\n\n\n\n<p>2 line scan cameras<br>38 \u00b5m resolution<br>150 m\/min production speed<\/p>\n<\/div><\/div>\n\n\n\n<p><\/p>","protected":false},"excerpt":{"rendered":"<p>Die Schl\u00fcsselkompetenz unseres Unternehmens liegt in der Qualit\u00e4tssicherung durch industrielle Bildverarbeitung. Dabei bilden die Themen Oberfl\u00e4cheninspektion, Durchlichtanalyse und Profilmessung den Schwerpunkt. Zum Einsatz kommen Spezialsensoren, Fl\u00e4chenkameras, Zeilenkameras sowie 2D\/3D-Lasersensoren. Wir passen unsere Messsysteme so an, dass sie nahtlos in Ihre Produktion integriert werden k\u00f6nnen. Unsere Pr\u00fcfmethode ist dabei ber\u00fchrungslos, zerst\u00f6rungsfrei und in der Regel vollautomatisiert. &hellip; <\/p>","protected":false},"author":1,"featured_media":0,"parent":0,"menu_order":0,"comment_status":"closed","ping_status":"closed","template":"","meta":{"_editorskit_title_hidden":false,"_editorskit_reading_time":0,"_editorskit_is_block_options_detached":false,"_editorskit_block_options_position":"{}","footnotes":""},"class_list":["post-121","page","type-page","status-publish","hentry"],"yoast_head":"<!-- This site is optimized with the Yoast SEO plugin v27.4 - https:\/\/yoast.com\/product\/yoast-seo-wordpress\/ -->\n<title>Qualit\u00e4tssicherung - proTEC-Vision Automation GmbH<\/title>\n<meta name=\"description\" content=\"Industrielle Bildverarbeitung: Oberfl\u00e4cheninspektion, Durchlichtanalyse und Profilmessung. Fl\u00e4chenkameras, Zeilenkameras, Lasersensoren.\" \/>\n<meta name=\"robots\" content=\"index, follow, max-snippet:-1, max-image-preview:large, max-video-preview:-1\" \/>\n<link rel=\"canonical\" href=\"https:\/\/protecweb.de\/en\/qualitaetssicherung\/\" \/>\n<meta property=\"og:locale\" content=\"en_US\" \/>\n<meta property=\"og:type\" content=\"article\" \/>\n<meta property=\"og:title\" content=\"Qualit\u00e4tssicherung - proTEC-Vision Automation GmbH\" \/>\n<meta property=\"og:description\" content=\"Industrielle Bildverarbeitung: Oberfl\u00e4cheninspektion, Durchlichtanalyse und Profilmessung. Fl\u00e4chenkameras, Zeilenkameras, Lasersensoren.\" \/>\n<meta property=\"og:url\" content=\"https:\/\/protecweb.de\/en\/qualitaetssicherung\/\" \/>\n<meta property=\"og:site_name\" content=\"proTEC-Vision Automation GmbH\" \/>\n<meta property=\"article:modified_time\" content=\"2022-01-28T11:00:37+00:00\" \/>\n<meta property=\"og:image\" content=\"https:\/\/protecweb.de\/wp-content\/uploads\/2020\/09\/1355496497-scaled-e1600343996620.jpg\" \/>\n<meta name=\"twitter:card\" content=\"summary_large_image\" \/>\n<meta name=\"twitter:label1\" content=\"Est. reading time\" \/>\n\t<meta name=\"twitter:data1\" content=\"3 minutes\" \/>\n<script type=\"application\/ld+json\" class=\"yoast-schema-graph\">{\"@context\":\"https:\\\/\\\/schema.org\",\"@graph\":[{\"@type\":\"WebPage\",\"@id\":\"https:\\\/\\\/protecweb.de\\\/qualitaetssicherung\\\/\",\"url\":\"https:\\\/\\\/protecweb.de\\\/qualitaetssicherung\\\/\",\"name\":\"Qualit\u00e4tssicherung - proTEC-Vision Automation GmbH\",\"isPartOf\":{\"@id\":\"https:\\\/\\\/protecweb.de\\\/#website\"},\"primaryImageOfPage\":{\"@id\":\"https:\\\/\\\/protecweb.de\\\/qualitaetssicherung\\\/#primaryimage\"},\"image\":{\"@id\":\"https:\\\/\\\/protecweb.de\\\/qualitaetssicherung\\\/#primaryimage\"},\"thumbnailUrl\":\"https:\\\/\\\/protecweb.de\\\/wp-content\\\/uploads\\\/2020\\\/09\\\/1355496497-scaled-e1600343996620.jpg\",\"datePublished\":\"2020-09-09T08:27:44+00:00\",\"dateModified\":\"2022-01-28T11:00:37+00:00\",\"description\":\"Industrielle Bildverarbeitung: Oberfl\u00e4cheninspektion, Durchlichtanalyse und Profilmessung. Fl\u00e4chenkameras, Zeilenkameras, Lasersensoren.\",\"breadcrumb\":{\"@id\":\"https:\\\/\\\/protecweb.de\\\/qualitaetssicherung\\\/#breadcrumb\"},\"inLanguage\":\"en-US\",\"potentialAction\":[{\"@type\":\"ReadAction\",\"target\":[\"https:\\\/\\\/protecweb.de\\\/qualitaetssicherung\\\/\"]}]},{\"@type\":\"ImageObject\",\"inLanguage\":\"en-US\",\"@id\":\"https:\\\/\\\/protecweb.de\\\/qualitaetssicherung\\\/#primaryimage\",\"url\":\"https:\\\/\\\/protecweb.de\\\/wp-content\\\/uploads\\\/2020\\\/09\\\/1355496497-scaled-e1600343996620.jpg\",\"contentUrl\":\"https:\\\/\\\/protecweb.de\\\/wp-content\\\/uploads\\\/2020\\\/09\\\/1355496497-scaled-e1600343996620.jpg\"},{\"@type\":\"BreadcrumbList\",\"@id\":\"https:\\\/\\\/protecweb.de\\\/qualitaetssicherung\\\/#breadcrumb\",\"itemListElement\":[{\"@type\":\"ListItem\",\"position\":1,\"name\":\"Startseite\",\"item\":\"https:\\\/\\\/protecweb.de\\\/\"},{\"@type\":\"ListItem\",\"position\":2,\"name\":\"Qualit\u00e4tssicherung\"}]},{\"@type\":\"WebSite\",\"@id\":\"https:\\\/\\\/protecweb.de\\\/#website\",\"url\":\"https:\\\/\\\/protecweb.de\\\/\",\"name\":\"proTEC-Vision Automation GmbH\",\"description\":\"Industrielle Bildverarbeitung und RFID-Systeme\",\"publisher\":{\"@id\":\"https:\\\/\\\/protecweb.de\\\/#organization\"},\"potentialAction\":[{\"@type\":\"SearchAction\",\"target\":{\"@type\":\"EntryPoint\",\"urlTemplate\":\"https:\\\/\\\/protecweb.de\\\/?s={search_term_string}\"},\"query-input\":{\"@type\":\"PropertyValueSpecification\",\"valueRequired\":true,\"valueName\":\"search_term_string\"}}],\"inLanguage\":\"en-US\"},{\"@type\":\"Organization\",\"@id\":\"https:\\\/\\\/protecweb.de\\\/#organization\",\"name\":\"proTEC-Vision Automation GmbH\",\"url\":\"https:\\\/\\\/protecweb.de\\\/\",\"logo\":{\"@type\":\"ImageObject\",\"inLanguage\":\"en-US\",\"@id\":\"https:\\\/\\\/protecweb.de\\\/#\\\/schema\\\/logo\\\/image\\\/\",\"url\":\"https:\\\/\\\/protecweb.de\\\/wp-content\\\/uploads\\\/2020\\\/09\\\/proTEC_Icon_256.ico\",\"contentUrl\":\"https:\\\/\\\/protecweb.de\\\/wp-content\\\/uploads\\\/2020\\\/09\\\/proTEC_Icon_256.ico\",\"width\":1,\"height\":1,\"caption\":\"proTEC-Vision Automation GmbH\"},\"image\":{\"@id\":\"https:\\\/\\\/protecweb.de\\\/#\\\/schema\\\/logo\\\/image\\\/\"}}]}<\/script>\n<!-- \/ Yoast SEO plugin. -->","yoast_head_json":{"title":"Qualit\u00e4tssicherung - proTEC-Vision Automation GmbH","description":"Industrielle Bildverarbeitung: Oberfl\u00e4cheninspektion, Durchlichtanalyse und Profilmessung. Fl\u00e4chenkameras, Zeilenkameras, Lasersensoren.","robots":{"index":"index","follow":"follow","max-snippet":"max-snippet:-1","max-image-preview":"max-image-preview:large","max-video-preview":"max-video-preview:-1"},"canonical":"https:\/\/protecweb.de\/en\/qualitaetssicherung\/","og_locale":"en_US","og_type":"article","og_title":"Qualit\u00e4tssicherung - proTEC-Vision Automation GmbH","og_description":"Industrielle Bildverarbeitung: Oberfl\u00e4cheninspektion, Durchlichtanalyse und Profilmessung. Fl\u00e4chenkameras, Zeilenkameras, Lasersensoren.","og_url":"https:\/\/protecweb.de\/en\/qualitaetssicherung\/","og_site_name":"proTEC-Vision Automation GmbH","article_modified_time":"2022-01-28T11:00:37+00:00","og_image":[{"url":"https:\/\/protecweb.de\/wp-content\/uploads\/2020\/09\/1355496497-scaled-e1600343996620.jpg","type":"","width":"","height":""}],"twitter_card":"summary_large_image","twitter_misc":{"Est. reading time":"3 minutes"},"schema":{"@context":"https:\/\/schema.org","@graph":[{"@type":"WebPage","@id":"https:\/\/protecweb.de\/qualitaetssicherung\/","url":"https:\/\/protecweb.de\/qualitaetssicherung\/","name":"Qualit\u00e4tssicherung - proTEC-Vision Automation GmbH","isPartOf":{"@id":"https:\/\/protecweb.de\/#website"},"primaryImageOfPage":{"@id":"https:\/\/protecweb.de\/qualitaetssicherung\/#primaryimage"},"image":{"@id":"https:\/\/protecweb.de\/qualitaetssicherung\/#primaryimage"},"thumbnailUrl":"https:\/\/protecweb.de\/wp-content\/uploads\/2020\/09\/1355496497-scaled-e1600343996620.jpg","datePublished":"2020-09-09T08:27:44+00:00","dateModified":"2022-01-28T11:00:37+00:00","description":"Industrielle Bildverarbeitung: Oberfl\u00e4cheninspektion, Durchlichtanalyse und Profilmessung. Fl\u00e4chenkameras, Zeilenkameras, Lasersensoren.","breadcrumb":{"@id":"https:\/\/protecweb.de\/qualitaetssicherung\/#breadcrumb"},"inLanguage":"en-US","potentialAction":[{"@type":"ReadAction","target":["https:\/\/protecweb.de\/qualitaetssicherung\/"]}]},{"@type":"ImageObject","inLanguage":"en-US","@id":"https:\/\/protecweb.de\/qualitaetssicherung\/#primaryimage","url":"https:\/\/protecweb.de\/wp-content\/uploads\/2020\/09\/1355496497-scaled-e1600343996620.jpg","contentUrl":"https:\/\/protecweb.de\/wp-content\/uploads\/2020\/09\/1355496497-scaled-e1600343996620.jpg"},{"@type":"BreadcrumbList","@id":"https:\/\/protecweb.de\/qualitaetssicherung\/#breadcrumb","itemListElement":[{"@type":"ListItem","position":1,"name":"Startseite","item":"https:\/\/protecweb.de\/"},{"@type":"ListItem","position":2,"name":"Qualit\u00e4tssicherung"}]},{"@type":"WebSite","@id":"https:\/\/protecweb.de\/#website","url":"https:\/\/protecweb.de\/","name":"proTEC-Vision Automation GmbH","description":"Industrial image processing and RFID systems","publisher":{"@id":"https:\/\/protecweb.de\/#organization"},"potentialAction":[{"@type":"SearchAction","target":{"@type":"EntryPoint","urlTemplate":"https:\/\/protecweb.de\/?s={search_term_string}"},"query-input":{"@type":"PropertyValueSpecification","valueRequired":true,"valueName":"search_term_string"}}],"inLanguage":"en-US"},{"@type":"Organization","@id":"https:\/\/protecweb.de\/#organization","name":"proTEC-Vision Automation GmbH","url":"https:\/\/protecweb.de\/","logo":{"@type":"ImageObject","inLanguage":"en-US","@id":"https:\/\/protecweb.de\/#\/schema\/logo\/image\/","url":"https:\/\/protecweb.de\/wp-content\/uploads\/2020\/09\/proTEC_Icon_256.ico","contentUrl":"https:\/\/protecweb.de\/wp-content\/uploads\/2020\/09\/proTEC_Icon_256.ico","width":1,"height":1,"caption":"proTEC-Vision Automation GmbH"},"image":{"@id":"https:\/\/protecweb.de\/#\/schema\/logo\/image\/"}}]}},"_links":{"self":[{"href":"https:\/\/protecweb.de\/en\/wp-json\/wp\/v2\/pages\/121","targetHints":{"allow":["GET"]}}],"collection":[{"href":"https:\/\/protecweb.de\/en\/wp-json\/wp\/v2\/pages"}],"about":[{"href":"https:\/\/protecweb.de\/en\/wp-json\/wp\/v2\/types\/page"}],"author":[{"embeddable":true,"href":"https:\/\/protecweb.de\/en\/wp-json\/wp\/v2\/users\/1"}],"replies":[{"embeddable":true,"href":"https:\/\/protecweb.de\/en\/wp-json\/wp\/v2\/comments?post=121"}],"version-history":[{"count":0,"href":"https:\/\/protecweb.de\/en\/wp-json\/wp\/v2\/pages\/121\/revisions"}],"wp:attachment":[{"href":"https:\/\/protecweb.de\/en\/wp-json\/wp\/v2\/media?parent=121"}],"curies":[{"name":"wp","href":"https:\/\/api.w.org\/{rel}","templated":true}]}}