{"id":127,"date":"2020-09-09T08:40:09","date_gmt":"2020-09-09T08:40:09","guid":{"rendered":"http:\/\/protec-auto.de\/?page_id=127"},"modified":"2022-01-27T09:03:14","modified_gmt":"2022-01-27T08:03:14","slug":"elektronik","status":"publish","type":"page","link":"https:\/\/protecweb.de\/en\/elektronik\/","title":{"rendered":"Electronics"},"content":{"rendered":"<p>Some of our applications are highly specialized and cannot be realized with existing components. In these cases, our developers design individual solutions, which are manufactured by our automatic placement machines and soldering lines and subsequently tested.<\/p>\n\n\n\n<figure class=\"wp-block-image size-large\"><img decoding=\"async\" src=\"\/wp-content\/uploads\/2020\/09\/1335730841-scaled-e1599581627307-1024x682.jpg\" alt=\"\"\/><figcaption>Automated assembly of circuit boards<\/figcaption><\/figure>\n\n\n\n<p>In the production of electronic components, our focus is on durability. According to the motto \"perfectionist at every level\", our quality standards are very high and never fall short of cost savings. Convince yourself.<\/p>\n\n\n\n<p>The capacities of our production lines are continuously expanded and cover both the segment of our systems for <a href=\"https:\/\/protecweb.de\/en\/qualitaetssicherung\/\" data-type=\"page\" data-id=\"121\">Quality Assurance<\/a> as well as the production of our <a href=\"https:\/\/protecweb.de\/en\/rfid\/\" data-type=\"page\" data-id=\"114\">RFID tags<\/a> .<\/p>\n\n\n\n<figure class=\"wp-block-image size-large\"><img decoding=\"async\" src=\"\/wp-content\/uploads\/2020\/09\/ledPanel-1024x682.jpg\" alt=\"\"\/><figcaption>Specialized Lighting with 256 LEDs<\/figcaption><\/figure>\n\n\n\n<p>If our systems require special lighting for quality assurance purposes, we design these tailor-made and manufacture them in our own production facilities. The LED panel shown above is stackable and can be extended up to 100 panels. The brightness of each panel can be configured in 1000 brightness levels at runtime and each LED can be switched on and off individually.<\/p>","protected":false},"excerpt":{"rendered":"<p>Einige unserer Anwendungen sind so spezialisiert, dass diese nicht mit existierenden Komponenten realisiert werden k\u00f6nnen. In diesen F\u00e4llen entwerfen unsere Entwickler eigene L\u00f6sungen, welche durch unsere Best\u00fcckungsautomaten und L\u00f6tstra\u00dfen gefertigt und im Anschluss getestet werden. Bei der Herstellung von Elektronikkomponenten liegt unser Augenmerk auf Langlebigkeit. Unser Qualit\u00e4tsanspruch ist, gem\u00e4\u00df dem Motto &#8222;Perfektionist auf jeder Ebene&#8220;, &hellip; <\/p>","protected":false},"author":1,"featured_media":0,"parent":0,"menu_order":0,"comment_status":"closed","ping_status":"closed","template":"","meta":{"_editorskit_title_hidden":false,"_editorskit_reading_time":0,"_editorskit_is_block_options_detached":false,"_editorskit_block_options_position":"{}","footnotes":""},"class_list":["post-127","page","type-page","status-publish","hentry"],"yoast_head":"<!-- This site is optimized with the Yoast SEO plugin v27.5 - https:\/\/yoast.com\/product\/yoast-seo-wordpress\/ -->\n<title>Elektronik - proTEC-Vision Automation GmbH<\/title>\n<meta name=\"description\" content=\"Entwicklung von eingebetteten Systemen. Herstellung von qualitativ hochwertigen und somit langlebigen Elektronikkomponenten.\" \/>\n<meta name=\"robots\" content=\"index, follow, max-snippet:-1, max-image-preview:large, max-video-preview:-1\" \/>\n<link rel=\"canonical\" href=\"https:\/\/protecweb.de\/en\/elektronik\/\" \/>\n<meta property=\"og:locale\" content=\"en_US\" \/>\n<meta property=\"og:type\" content=\"article\" \/>\n<meta property=\"og:title\" content=\"Elektronik - proTEC-Vision Automation GmbH\" \/>\n<meta property=\"og:description\" content=\"Entwicklung von eingebetteten Systemen. Herstellung von qualitativ hochwertigen und somit langlebigen Elektronikkomponenten.\" \/>\n<meta property=\"og:url\" content=\"https:\/\/protecweb.de\/en\/elektronik\/\" \/>\n<meta property=\"og:site_name\" content=\"proTEC-Vision Automation GmbH\" \/>\n<meta property=\"article:modified_time\" content=\"2022-01-27T08:03:14+00:00\" \/>\n<meta property=\"og:image\" content=\"https:\/\/protecweb.de\/wp-content\/uploads\/2020\/09\/1335730841-scaled-e1599581627307-1024x682.jpg\" \/>\n<meta name=\"twitter:card\" content=\"summary_large_image\" \/>\n<meta name=\"twitter:label1\" content=\"Est. reading time\" \/>\n\t<meta name=\"twitter:data1\" content=\"2 minutes\" \/>\n<script type=\"application\/ld+json\" class=\"yoast-schema-graph\">{\"@context\":\"https:\\\/\\\/schema.org\",\"@graph\":[{\"@type\":\"WebPage\",\"@id\":\"https:\\\/\\\/protecweb.de\\\/elektronik\\\/\",\"url\":\"https:\\\/\\\/protecweb.de\\\/elektronik\\\/\",\"name\":\"Elektronik - proTEC-Vision Automation GmbH\",\"isPartOf\":{\"@id\":\"https:\\\/\\\/protecweb.de\\\/#website\"},\"datePublished\":\"2020-09-09T08:40:09+00:00\",\"dateModified\":\"2022-01-27T08:03:14+00:00\",\"description\":\"Entwicklung von eingebetteten Systemen. Herstellung von qualitativ hochwertigen und somit langlebigen Elektronikkomponenten.\",\"breadcrumb\":{\"@id\":\"https:\\\/\\\/protecweb.de\\\/elektronik\\\/#breadcrumb\"},\"inLanguage\":\"en-US\",\"potentialAction\":[{\"@type\":\"ReadAction\",\"target\":[\"https:\\\/\\\/protecweb.de\\\/elektronik\\\/\"]}]},{\"@type\":\"BreadcrumbList\",\"@id\":\"https:\\\/\\\/protecweb.de\\\/elektronik\\\/#breadcrumb\",\"itemListElement\":[{\"@type\":\"ListItem\",\"position\":1,\"name\":\"Startseite\",\"item\":\"https:\\\/\\\/protecweb.de\\\/\"},{\"@type\":\"ListItem\",\"position\":2,\"name\":\"Elektronik\"}]},{\"@type\":\"WebSite\",\"@id\":\"https:\\\/\\\/protecweb.de\\\/#website\",\"url\":\"https:\\\/\\\/protecweb.de\\\/\",\"name\":\"proTEC-Vision Automation GmbH\",\"description\":\"Industrielle Bildverarbeitung und RFID-Systeme\",\"publisher\":{\"@id\":\"https:\\\/\\\/protecweb.de\\\/#organization\"},\"potentialAction\":[{\"@type\":\"SearchAction\",\"target\":{\"@type\":\"EntryPoint\",\"urlTemplate\":\"https:\\\/\\\/protecweb.de\\\/?s={search_term_string}\"},\"query-input\":{\"@type\":\"PropertyValueSpecification\",\"valueRequired\":true,\"valueName\":\"search_term_string\"}}],\"inLanguage\":\"en-US\"},{\"@type\":\"Organization\",\"@id\":\"https:\\\/\\\/protecweb.de\\\/#organization\",\"name\":\"proTEC-Vision Automation GmbH\",\"url\":\"https:\\\/\\\/protecweb.de\\\/\",\"logo\":{\"@type\":\"ImageObject\",\"inLanguage\":\"en-US\",\"@id\":\"https:\\\/\\\/protecweb.de\\\/#\\\/schema\\\/logo\\\/image\\\/\",\"url\":\"https:\\\/\\\/protecweb.de\\\/wp-content\\\/uploads\\\/2020\\\/09\\\/proTEC_Icon_256.ico\",\"contentUrl\":\"https:\\\/\\\/protecweb.de\\\/wp-content\\\/uploads\\\/2020\\\/09\\\/proTEC_Icon_256.ico\",\"width\":1,\"height\":1,\"caption\":\"proTEC-Vision Automation GmbH\"},\"image\":{\"@id\":\"https:\\\/\\\/protecweb.de\\\/#\\\/schema\\\/logo\\\/image\\\/\"}}]}<\/script>\n<!-- \/ Yoast SEO plugin. -->","yoast_head_json":{"title":"Elektronik - proTEC-Vision Automation GmbH","description":"Entwicklung von eingebetteten Systemen. Herstellung von qualitativ hochwertigen und somit langlebigen Elektronikkomponenten.","robots":{"index":"index","follow":"follow","max-snippet":"max-snippet:-1","max-image-preview":"max-image-preview:large","max-video-preview":"max-video-preview:-1"},"canonical":"https:\/\/protecweb.de\/en\/elektronik\/","og_locale":"en_US","og_type":"article","og_title":"Elektronik - proTEC-Vision Automation GmbH","og_description":"Entwicklung von eingebetteten Systemen. Herstellung von qualitativ hochwertigen und somit langlebigen Elektronikkomponenten.","og_url":"https:\/\/protecweb.de\/en\/elektronik\/","og_site_name":"proTEC-Vision Automation GmbH","article_modified_time":"2022-01-27T08:03:14+00:00","og_image":[{"url":"https:\/\/protecweb.de\/wp-content\/uploads\/2020\/09\/1335730841-scaled-e1599581627307-1024x682.jpg","type":"","width":"","height":""}],"twitter_card":"summary_large_image","twitter_misc":{"Est. reading time":"2 minutes"},"schema":{"@context":"https:\/\/schema.org","@graph":[{"@type":"WebPage","@id":"https:\/\/protecweb.de\/elektronik\/","url":"https:\/\/protecweb.de\/elektronik\/","name":"Elektronik - proTEC-Vision Automation GmbH","isPartOf":{"@id":"https:\/\/protecweb.de\/#website"},"datePublished":"2020-09-09T08:40:09+00:00","dateModified":"2022-01-27T08:03:14+00:00","description":"Entwicklung von eingebetteten Systemen. Herstellung von qualitativ hochwertigen und somit langlebigen Elektronikkomponenten.","breadcrumb":{"@id":"https:\/\/protecweb.de\/elektronik\/#breadcrumb"},"inLanguage":"en-US","potentialAction":[{"@type":"ReadAction","target":["https:\/\/protecweb.de\/elektronik\/"]}]},{"@type":"BreadcrumbList","@id":"https:\/\/protecweb.de\/elektronik\/#breadcrumb","itemListElement":[{"@type":"ListItem","position":1,"name":"Startseite","item":"https:\/\/protecweb.de\/"},{"@type":"ListItem","position":2,"name":"Elektronik"}]},{"@type":"WebSite","@id":"https:\/\/protecweb.de\/#website","url":"https:\/\/protecweb.de\/","name":"proTEC-Vision Automation GmbH","description":"Industrial image processing and RFID systems","publisher":{"@id":"https:\/\/protecweb.de\/#organization"},"potentialAction":[{"@type":"SearchAction","target":{"@type":"EntryPoint","urlTemplate":"https:\/\/protecweb.de\/?s={search_term_string}"},"query-input":{"@type":"PropertyValueSpecification","valueRequired":true,"valueName":"search_term_string"}}],"inLanguage":"en-US"},{"@type":"Organization","@id":"https:\/\/protecweb.de\/#organization","name":"proTEC-Vision Automation GmbH","url":"https:\/\/protecweb.de\/","logo":{"@type":"ImageObject","inLanguage":"en-US","@id":"https:\/\/protecweb.de\/#\/schema\/logo\/image\/","url":"https:\/\/protecweb.de\/wp-content\/uploads\/2020\/09\/proTEC_Icon_256.ico","contentUrl":"https:\/\/protecweb.de\/wp-content\/uploads\/2020\/09\/proTEC_Icon_256.ico","width":1,"height":1,"caption":"proTEC-Vision Automation GmbH"},"image":{"@id":"https:\/\/protecweb.de\/#\/schema\/logo\/image\/"}}]}},"_links":{"self":[{"href":"https:\/\/protecweb.de\/en\/wp-json\/wp\/v2\/pages\/127","targetHints":{"allow":["GET"]}}],"collection":[{"href":"https:\/\/protecweb.de\/en\/wp-json\/wp\/v2\/pages"}],"about":[{"href":"https:\/\/protecweb.de\/en\/wp-json\/wp\/v2\/types\/page"}],"author":[{"embeddable":true,"href":"https:\/\/protecweb.de\/en\/wp-json\/wp\/v2\/users\/1"}],"replies":[{"embeddable":true,"href":"https:\/\/protecweb.de\/en\/wp-json\/wp\/v2\/comments?post=127"}],"version-history":[{"count":0,"href":"https:\/\/protecweb.de\/en\/wp-json\/wp\/v2\/pages\/127\/revisions"}],"wp:attachment":[{"href":"https:\/\/protecweb.de\/en\/wp-json\/wp\/v2\/media?parent=127"}],"curies":[{"name":"wp","href":"https:\/\/api.w.org\/{rel}","templated":true}]}}