{"id":129,"date":"2020-09-09T08:40:28","date_gmt":"2020-09-09T08:40:28","guid":{"rendered":"http:\/\/protec-auto.de\/?page_id=129"},"modified":"2022-01-27T09:20:34","modified_gmt":"2022-01-27T08:20:34","slug":"software","status":"publish","type":"page","link":"https:\/\/protecweb.de\/en\/software\/","title":{"rendered":"Software"},"content":{"rendered":"<p>Software is our key to success: It is the bridge between the sensors of our systems and the measurement result. Pipelines for signal processing, methods for compensating disturbances or classifiers for defects, all these are among the challenges of our software. And in all these steps, it must be ensured that no defects in the product are overseen.<\/p>\n\n\n\n<figure class=\"wp-block-image size-large\"><img decoding=\"async\" src=\"\/wp-content\/uploads\/2020\/09\/696061426-scaled-e1599582307120-1024x683.jpg\" alt=\"\"\/><\/figure>\n\n\n\n<p>Our software developers do their utmost to create a software system that is as robust and intelligent as possible. However, we do not neglect the fact that the system should be easy to use. Therefore, we perform dozens of iterations in our designs to reduce the operating effort to a minimum. Most of our systems now have high-resolution touch screens, which let you operate our applications like an application on your cell phone - intuitive and uncomplicated.<\/p>\n\n\n\n<p>However, the user-friendly operation does not mean that our measuring systems cannot be configured in a versatile way: They are connected to databases that can manage the measurement parameters for thousands of product types. Some of our systems even allow you to import CAD data of your products and match the production with them at runtime.<\/p>\n\n\n\n<p>For you, this means: No more random sample measurements, just 100% test coverage. The positive side effect: If measurement data is archived, the quality of the products can be reviewed even after the product has already left your factory.<\/p>\n\n\n\n<p>We will be happy to help you find a suitable product for your application. <a href=\"https:\/\/protecweb.de\/en\/kontakt\/\" data-type=\"page\" data-id=\"8\">Contact<\/a> us today.<\/p>","protected":false},"excerpt":{"rendered":"<p>Software ist unser Schl\u00fcssel zum Erfolg: Sie ist das Bindeglied zwischen den Sensoren unserer Systeme und dem Messergebnis. Pipelines zur Signalverarbeitung, Methoden zur Kompensation von St\u00f6reinfl\u00fcssen oder Klassifikatoren f\u00fcr Fehler, das alles geh\u00f6rt zu den Herausforderungen unserer Software. Und bei all diesen Schritten muss sichergestellt werden keine Fehler im Produkt zu \u00fcbersehen. Unsere Softwareentwickler geben &hellip; <\/p>","protected":false},"author":1,"featured_media":0,"parent":0,"menu_order":0,"comment_status":"closed","ping_status":"closed","template":"","meta":{"_editorskit_title_hidden":false,"_editorskit_reading_time":0,"_editorskit_is_block_options_detached":false,"_editorskit_block_options_position":"{}","footnotes":""},"class_list":["post-129","page","type-page","status-publish","hentry"],"yoast_head":"<!-- This site is optimized with the Yoast SEO plugin v27.4 - https:\/\/yoast.com\/product\/yoast-seo-wordpress\/ -->\n<title>Software - proTEC-Vision Automation GmbH<\/title>\n<meta name=\"description\" content=\"Mit Hilfe individueller Softwarel\u00f6sungen gew\u00e4hrleisten wir herausragende Leistungsdaten sowie die Benutzerfreundlichkeit f\u00fcr Ihre Mitarbeiter.\" \/>\n<meta name=\"robots\" content=\"index, follow, max-snippet:-1, max-image-preview:large, max-video-preview:-1\" \/>\n<link rel=\"canonical\" href=\"https:\/\/protecweb.de\/en\/software\/\" \/>\n<meta property=\"og:locale\" content=\"en_US\" \/>\n<meta property=\"og:type\" content=\"article\" \/>\n<meta property=\"og:title\" content=\"Software - proTEC-Vision Automation GmbH\" \/>\n<meta property=\"og:description\" content=\"Mit Hilfe individueller Softwarel\u00f6sungen gew\u00e4hrleisten wir herausragende Leistungsdaten sowie die Benutzerfreundlichkeit f\u00fcr Ihre Mitarbeiter.\" \/>\n<meta property=\"og:url\" content=\"https:\/\/protecweb.de\/en\/software\/\" \/>\n<meta property=\"og:site_name\" content=\"proTEC-Vision Automation GmbH\" \/>\n<meta property=\"article:modified_time\" content=\"2022-01-27T08:20:34+00:00\" \/>\n<meta property=\"og:image\" content=\"https:\/\/protecweb.de\/wp-content\/uploads\/2020\/09\/696061426-scaled-e1599582307120-1024x683.jpg\" \/>\n<meta name=\"twitter:card\" content=\"summary_large_image\" \/>\n<meta name=\"twitter:label1\" content=\"Est. reading time\" \/>\n\t<meta name=\"twitter:data1\" content=\"2 minutes\" \/>\n<script type=\"application\/ld+json\" class=\"yoast-schema-graph\">{\"@context\":\"https:\\\/\\\/schema.org\",\"@graph\":[{\"@type\":\"WebPage\",\"@id\":\"https:\\\/\\\/protecweb.de\\\/software\\\/\",\"url\":\"https:\\\/\\\/protecweb.de\\\/software\\\/\",\"name\":\"Software - proTEC-Vision Automation GmbH\",\"isPartOf\":{\"@id\":\"https:\\\/\\\/protecweb.de\\\/#website\"},\"datePublished\":\"2020-09-09T08:40:28+00:00\",\"dateModified\":\"2022-01-27T08:20:34+00:00\",\"description\":\"Mit Hilfe individueller Softwarel\u00f6sungen gew\u00e4hrleisten wir herausragende Leistungsdaten sowie die Benutzerfreundlichkeit f\u00fcr Ihre Mitarbeiter.\",\"breadcrumb\":{\"@id\":\"https:\\\/\\\/protecweb.de\\\/software\\\/#breadcrumb\"},\"inLanguage\":\"en-US\",\"potentialAction\":[{\"@type\":\"ReadAction\",\"target\":[\"https:\\\/\\\/protecweb.de\\\/software\\\/\"]}]},{\"@type\":\"BreadcrumbList\",\"@id\":\"https:\\\/\\\/protecweb.de\\\/software\\\/#breadcrumb\",\"itemListElement\":[{\"@type\":\"ListItem\",\"position\":1,\"name\":\"Startseite\",\"item\":\"https:\\\/\\\/protecweb.de\\\/\"},{\"@type\":\"ListItem\",\"position\":2,\"name\":\"Software\"}]},{\"@type\":\"WebSite\",\"@id\":\"https:\\\/\\\/protecweb.de\\\/#website\",\"url\":\"https:\\\/\\\/protecweb.de\\\/\",\"name\":\"proTEC-Vision Automation GmbH\",\"description\":\"Industrielle Bildverarbeitung und RFID-Systeme\",\"publisher\":{\"@id\":\"https:\\\/\\\/protecweb.de\\\/#organization\"},\"potentialAction\":[{\"@type\":\"SearchAction\",\"target\":{\"@type\":\"EntryPoint\",\"urlTemplate\":\"https:\\\/\\\/protecweb.de\\\/?s={search_term_string}\"},\"query-input\":{\"@type\":\"PropertyValueSpecification\",\"valueRequired\":true,\"valueName\":\"search_term_string\"}}],\"inLanguage\":\"en-US\"},{\"@type\":\"Organization\",\"@id\":\"https:\\\/\\\/protecweb.de\\\/#organization\",\"name\":\"proTEC-Vision Automation GmbH\",\"url\":\"https:\\\/\\\/protecweb.de\\\/\",\"logo\":{\"@type\":\"ImageObject\",\"inLanguage\":\"en-US\",\"@id\":\"https:\\\/\\\/protecweb.de\\\/#\\\/schema\\\/logo\\\/image\\\/\",\"url\":\"https:\\\/\\\/protecweb.de\\\/wp-content\\\/uploads\\\/2020\\\/09\\\/proTEC_Icon_256.ico\",\"contentUrl\":\"https:\\\/\\\/protecweb.de\\\/wp-content\\\/uploads\\\/2020\\\/09\\\/proTEC_Icon_256.ico\",\"width\":1,\"height\":1,\"caption\":\"proTEC-Vision Automation GmbH\"},\"image\":{\"@id\":\"https:\\\/\\\/protecweb.de\\\/#\\\/schema\\\/logo\\\/image\\\/\"}}]}<\/script>\n<!-- \/ Yoast SEO plugin. -->","yoast_head_json":{"title":"Software - proTEC-Vision Automation GmbH","description":"Mit Hilfe individueller Softwarel\u00f6sungen gew\u00e4hrleisten wir herausragende Leistungsdaten sowie die Benutzerfreundlichkeit f\u00fcr Ihre Mitarbeiter.","robots":{"index":"index","follow":"follow","max-snippet":"max-snippet:-1","max-image-preview":"max-image-preview:large","max-video-preview":"max-video-preview:-1"},"canonical":"https:\/\/protecweb.de\/en\/software\/","og_locale":"en_US","og_type":"article","og_title":"Software - proTEC-Vision Automation GmbH","og_description":"Mit Hilfe individueller Softwarel\u00f6sungen gew\u00e4hrleisten wir herausragende Leistungsdaten sowie die Benutzerfreundlichkeit f\u00fcr Ihre Mitarbeiter.","og_url":"https:\/\/protecweb.de\/en\/software\/","og_site_name":"proTEC-Vision Automation GmbH","article_modified_time":"2022-01-27T08:20:34+00:00","og_image":[{"url":"https:\/\/protecweb.de\/wp-content\/uploads\/2020\/09\/696061426-scaled-e1599582307120-1024x683.jpg","type":"","width":"","height":""}],"twitter_card":"summary_large_image","twitter_misc":{"Est. reading time":"2 minutes"},"schema":{"@context":"https:\/\/schema.org","@graph":[{"@type":"WebPage","@id":"https:\/\/protecweb.de\/software\/","url":"https:\/\/protecweb.de\/software\/","name":"Software - proTEC-Vision Automation GmbH","isPartOf":{"@id":"https:\/\/protecweb.de\/#website"},"datePublished":"2020-09-09T08:40:28+00:00","dateModified":"2022-01-27T08:20:34+00:00","description":"Mit Hilfe individueller Softwarel\u00f6sungen gew\u00e4hrleisten wir herausragende Leistungsdaten sowie die Benutzerfreundlichkeit f\u00fcr Ihre Mitarbeiter.","breadcrumb":{"@id":"https:\/\/protecweb.de\/software\/#breadcrumb"},"inLanguage":"en-US","potentialAction":[{"@type":"ReadAction","target":["https:\/\/protecweb.de\/software\/"]}]},{"@type":"BreadcrumbList","@id":"https:\/\/protecweb.de\/software\/#breadcrumb","itemListElement":[{"@type":"ListItem","position":1,"name":"Startseite","item":"https:\/\/protecweb.de\/"},{"@type":"ListItem","position":2,"name":"Software"}]},{"@type":"WebSite","@id":"https:\/\/protecweb.de\/#website","url":"https:\/\/protecweb.de\/","name":"proTEC-Vision Automation GmbH","description":"Industrial image processing and RFID systems","publisher":{"@id":"https:\/\/protecweb.de\/#organization"},"potentialAction":[{"@type":"SearchAction","target":{"@type":"EntryPoint","urlTemplate":"https:\/\/protecweb.de\/?s={search_term_string}"},"query-input":{"@type":"PropertyValueSpecification","valueRequired":true,"valueName":"search_term_string"}}],"inLanguage":"en-US"},{"@type":"Organization","@id":"https:\/\/protecweb.de\/#organization","name":"proTEC-Vision Automation GmbH","url":"https:\/\/protecweb.de\/","logo":{"@type":"ImageObject","inLanguage":"en-US","@id":"https:\/\/protecweb.de\/#\/schema\/logo\/image\/","url":"https:\/\/protecweb.de\/wp-content\/uploads\/2020\/09\/proTEC_Icon_256.ico","contentUrl":"https:\/\/protecweb.de\/wp-content\/uploads\/2020\/09\/proTEC_Icon_256.ico","width":1,"height":1,"caption":"proTEC-Vision Automation GmbH"},"image":{"@id":"https:\/\/protecweb.de\/#\/schema\/logo\/image\/"}}]}},"_links":{"self":[{"href":"https:\/\/protecweb.de\/en\/wp-json\/wp\/v2\/pages\/129","targetHints":{"allow":["GET"]}}],"collection":[{"href":"https:\/\/protecweb.de\/en\/wp-json\/wp\/v2\/pages"}],"about":[{"href":"https:\/\/protecweb.de\/en\/wp-json\/wp\/v2\/types\/page"}],"author":[{"embeddable":true,"href":"https:\/\/protecweb.de\/en\/wp-json\/wp\/v2\/users\/1"}],"replies":[{"embeddable":true,"href":"https:\/\/protecweb.de\/en\/wp-json\/wp\/v2\/comments?post=129"}],"version-history":[{"count":0,"href":"https:\/\/protecweb.de\/en\/wp-json\/wp\/v2\/pages\/129\/revisions"}],"wp:attachment":[{"href":"https:\/\/protecweb.de\/en\/wp-json\/wp\/v2\/media?parent=129"}],"curies":[{"name":"wp","href":"https:\/\/api.w.org\/{rel}","templated":true}]}}