{"id":131,"date":"2020-09-09T08:40:41","date_gmt":"2020-09-09T08:40:41","guid":{"rendered":"http:\/\/protec-auto.de\/?page_id=131"},"modified":"2022-01-27T09:09:23","modified_gmt":"2022-01-27T08:09:23","slug":"mechanik","status":"publish","type":"page","link":"https:\/\/protecweb.de\/en\/mechanik\/","title":{"rendered":"Mechanics"},"content":{"rendered":"<p>In our well-equipped machine park for plastics and metal processing, we produce high-precision components for our measuring systems. Only materials of the highest quality are used to guarantee our consistently high product quality. The mechanical structure of our systems is modelled and simulated on the computer and manufactured with high precision by our employees in our machine park.<\/p>\n\n\n\n<figure class=\"wp-block-image size-large\"><img decoding=\"async\" src=\"\/wp-content\/uploads\/2020\/09\/1113791432-1024x683.jpg\" alt=\"\"\/><figcaption>CNC Processing of Special Assemblies<\/figcaption><\/figure>\n\n\n\n<p>Our machinery includes CNC milling machines, lathes, format saws, strip cutting machines, high pressure presses, sandblasting cabins, pillar drilling machines and 3D printers.<\/p>\n\n\n\n<p>In addition to the pure production of the assemblies, they are refined depending on their use. For example, aluminum workpieces are given a glass bead blasted surface for better heat dissipation or simply for optical enhancement - because our systems are not only functionally outstanding but also meet the optical requirements of our customers. Finally, quality assurance systems are often the figurehead of a production company as a guarantee for reliability and quality. We do everything to make our contribution to this.<\/p>\n\n\n\n<figure class=\"wp-block-image size-large\"><img decoding=\"async\" src=\"\/wp-content\/uploads\/2020\/09\/1690858549-1024x683.jpg\" alt=\"\"\/><figcaption>3D Print Prototype<\/figcaption><\/figure>\n\n\n\n<p>With the help of our 3D printers, we are not only able to implement new concepts quickly through rapid prototyping, but can also produce highly complex assemblies much faster and more cost-effectively. Of course, you as our customer also benefit from this time and cost saving.<\/p>","protected":false},"excerpt":{"rendered":"<p>In unserem vielseitig ausger\u00fcsteten Maschinenpark zur Kunststoff- und Metallbearbeitung entstehen hochpr\u00e4zise Bauteile f\u00fcr unsere Messsysteme. Es kommen nur hochwertigste Materialien zum Einsatz um unsere gleichbleibend hohe Produktqualit\u00e4t zu garantieren. Der mechanische Aufbau unserer Systeme wird am Computer modelliert, simuliert und von unseren Mitarbeitern im Maschinenpark hochpr\u00e4zise angefertigt. Unser Maschinenpark verf\u00fcgt unter anderem \u00fcber CNC-Fr\u00e4smaschinen, Drehb\u00e4nke, &hellip; <\/p>","protected":false},"author":1,"featured_media":0,"parent":0,"menu_order":0,"comment_status":"closed","ping_status":"closed","template":"","meta":{"_editorskit_title_hidden":false,"_editorskit_reading_time":0,"_editorskit_is_block_options_detached":false,"_editorskit_block_options_position":"{}","footnotes":""},"class_list":["post-131","page","type-page","status-publish","hentry"],"yoast_head":"<!-- This site is optimized with the Yoast SEO plugin v27.3 - https:\/\/yoast.com\/product\/yoast-seo-wordpress\/ -->\n<title>Mechanik - proTEC-Vision Automation GmbH<\/title>\n<meta name=\"description\" content=\"Der mechanische Aufbau unserer Systeme wird am Computer modelliert, simuliert und von unseren Mitarbeitern im Maschinenpark gefertigt.\" \/>\n<meta name=\"robots\" content=\"index, follow, max-snippet:-1, max-image-preview:large, max-video-preview:-1\" \/>\n<link rel=\"canonical\" href=\"https:\/\/protecweb.de\/en\/mechanik\/\" \/>\n<meta property=\"og:locale\" content=\"en_US\" \/>\n<meta property=\"og:type\" content=\"article\" \/>\n<meta property=\"og:title\" content=\"Mechanik - proTEC-Vision Automation GmbH\" \/>\n<meta property=\"og:description\" content=\"Der mechanische Aufbau unserer Systeme wird am Computer modelliert, simuliert und von unseren Mitarbeitern im Maschinenpark gefertigt.\" \/>\n<meta property=\"og:url\" content=\"https:\/\/protecweb.de\/en\/mechanik\/\" \/>\n<meta property=\"og:site_name\" content=\"proTEC-Vision Automation GmbH\" \/>\n<meta property=\"article:modified_time\" content=\"2022-01-27T08:09:23+00:00\" \/>\n<meta property=\"og:image\" content=\"https:\/\/protecweb.de\/wp-content\/uploads\/2020\/09\/1113791432-1024x683.jpg\" \/>\n<meta name=\"twitter:card\" content=\"summary_large_image\" \/>\n<meta name=\"twitter:label1\" content=\"Est. reading time\" \/>\n\t<meta name=\"twitter:data1\" content=\"2 minutes\" \/>\n<script type=\"application\/ld+json\" class=\"yoast-schema-graph\">{\"@context\":\"https:\\\/\\\/schema.org\",\"@graph\":[{\"@type\":\"WebPage\",\"@id\":\"https:\\\/\\\/protecweb.de\\\/mechanik\\\/\",\"url\":\"https:\\\/\\\/protecweb.de\\\/mechanik\\\/\",\"name\":\"Mechanik - proTEC-Vision Automation GmbH\",\"isPartOf\":{\"@id\":\"https:\\\/\\\/protecweb.de\\\/#website\"},\"datePublished\":\"2020-09-09T08:40:41+00:00\",\"dateModified\":\"2022-01-27T08:09:23+00:00\",\"description\":\"Der mechanische Aufbau unserer Systeme wird am Computer modelliert, simuliert und von unseren Mitarbeitern im Maschinenpark gefertigt.\",\"breadcrumb\":{\"@id\":\"https:\\\/\\\/protecweb.de\\\/mechanik\\\/#breadcrumb\"},\"inLanguage\":\"en-US\",\"potentialAction\":[{\"@type\":\"ReadAction\",\"target\":[\"https:\\\/\\\/protecweb.de\\\/mechanik\\\/\"]}]},{\"@type\":\"BreadcrumbList\",\"@id\":\"https:\\\/\\\/protecweb.de\\\/mechanik\\\/#breadcrumb\",\"itemListElement\":[{\"@type\":\"ListItem\",\"position\":1,\"name\":\"Startseite\",\"item\":\"https:\\\/\\\/protecweb.de\\\/\"},{\"@type\":\"ListItem\",\"position\":2,\"name\":\"Mechanik\"}]},{\"@type\":\"WebSite\",\"@id\":\"https:\\\/\\\/protecweb.de\\\/#website\",\"url\":\"https:\\\/\\\/protecweb.de\\\/\",\"name\":\"proTEC-Vision Automation GmbH\",\"description\":\"Industrielle Bildverarbeitung und RFID-Systeme\",\"publisher\":{\"@id\":\"https:\\\/\\\/protecweb.de\\\/#organization\"},\"potentialAction\":[{\"@type\":\"SearchAction\",\"target\":{\"@type\":\"EntryPoint\",\"urlTemplate\":\"https:\\\/\\\/protecweb.de\\\/?s={search_term_string}\"},\"query-input\":{\"@type\":\"PropertyValueSpecification\",\"valueRequired\":true,\"valueName\":\"search_term_string\"}}],\"inLanguage\":\"en-US\"},{\"@type\":\"Organization\",\"@id\":\"https:\\\/\\\/protecweb.de\\\/#organization\",\"name\":\"proTEC-Vision Automation GmbH\",\"url\":\"https:\\\/\\\/protecweb.de\\\/\",\"logo\":{\"@type\":\"ImageObject\",\"inLanguage\":\"en-US\",\"@id\":\"https:\\\/\\\/protecweb.de\\\/#\\\/schema\\\/logo\\\/image\\\/\",\"url\":\"https:\\\/\\\/protecweb.de\\\/wp-content\\\/uploads\\\/2020\\\/09\\\/proTEC_Icon_256.ico\",\"contentUrl\":\"https:\\\/\\\/protecweb.de\\\/wp-content\\\/uploads\\\/2020\\\/09\\\/proTEC_Icon_256.ico\",\"width\":1,\"height\":1,\"caption\":\"proTEC-Vision Automation GmbH\"},\"image\":{\"@id\":\"https:\\\/\\\/protecweb.de\\\/#\\\/schema\\\/logo\\\/image\\\/\"}}]}<\/script>\n<!-- \/ Yoast SEO plugin. -->","yoast_head_json":{"title":"Mechanik - proTEC-Vision Automation GmbH","description":"Der mechanische Aufbau unserer Systeme wird am Computer modelliert, simuliert und von unseren Mitarbeitern im Maschinenpark gefertigt.","robots":{"index":"index","follow":"follow","max-snippet":"max-snippet:-1","max-image-preview":"max-image-preview:large","max-video-preview":"max-video-preview:-1"},"canonical":"https:\/\/protecweb.de\/en\/mechanik\/","og_locale":"en_US","og_type":"article","og_title":"Mechanik - proTEC-Vision Automation GmbH","og_description":"Der mechanische Aufbau unserer Systeme wird am Computer modelliert, simuliert und von unseren Mitarbeitern im Maschinenpark gefertigt.","og_url":"https:\/\/protecweb.de\/en\/mechanik\/","og_site_name":"proTEC-Vision Automation GmbH","article_modified_time":"2022-01-27T08:09:23+00:00","og_image":[{"url":"https:\/\/protecweb.de\/wp-content\/uploads\/2020\/09\/1113791432-1024x683.jpg","type":"","width":"","height":""}],"twitter_card":"summary_large_image","twitter_misc":{"Est. reading time":"2 minutes"},"schema":{"@context":"https:\/\/schema.org","@graph":[{"@type":"WebPage","@id":"https:\/\/protecweb.de\/mechanik\/","url":"https:\/\/protecweb.de\/mechanik\/","name":"Mechanik - proTEC-Vision Automation GmbH","isPartOf":{"@id":"https:\/\/protecweb.de\/#website"},"datePublished":"2020-09-09T08:40:41+00:00","dateModified":"2022-01-27T08:09:23+00:00","description":"Der mechanische Aufbau unserer Systeme wird am Computer modelliert, simuliert und von unseren Mitarbeitern im Maschinenpark gefertigt.","breadcrumb":{"@id":"https:\/\/protecweb.de\/mechanik\/#breadcrumb"},"inLanguage":"en-US","potentialAction":[{"@type":"ReadAction","target":["https:\/\/protecweb.de\/mechanik\/"]}]},{"@type":"BreadcrumbList","@id":"https:\/\/protecweb.de\/mechanik\/#breadcrumb","itemListElement":[{"@type":"ListItem","position":1,"name":"Startseite","item":"https:\/\/protecweb.de\/"},{"@type":"ListItem","position":2,"name":"Mechanik"}]},{"@type":"WebSite","@id":"https:\/\/protecweb.de\/#website","url":"https:\/\/protecweb.de\/","name":"proTEC-Vision Automation GmbH","description":"Industrial image processing and RFID systems","publisher":{"@id":"https:\/\/protecweb.de\/#organization"},"potentialAction":[{"@type":"SearchAction","target":{"@type":"EntryPoint","urlTemplate":"https:\/\/protecweb.de\/?s={search_term_string}"},"query-input":{"@type":"PropertyValueSpecification","valueRequired":true,"valueName":"search_term_string"}}],"inLanguage":"en-US"},{"@type":"Organization","@id":"https:\/\/protecweb.de\/#organization","name":"proTEC-Vision Automation GmbH","url":"https:\/\/protecweb.de\/","logo":{"@type":"ImageObject","inLanguage":"en-US","@id":"https:\/\/protecweb.de\/#\/schema\/logo\/image\/","url":"https:\/\/protecweb.de\/wp-content\/uploads\/2020\/09\/proTEC_Icon_256.ico","contentUrl":"https:\/\/protecweb.de\/wp-content\/uploads\/2020\/09\/proTEC_Icon_256.ico","width":1,"height":1,"caption":"proTEC-Vision Automation GmbH"},"image":{"@id":"https:\/\/protecweb.de\/#\/schema\/logo\/image\/"}}]}},"_links":{"self":[{"href":"https:\/\/protecweb.de\/en\/wp-json\/wp\/v2\/pages\/131","targetHints":{"allow":["GET"]}}],"collection":[{"href":"https:\/\/protecweb.de\/en\/wp-json\/wp\/v2\/pages"}],"about":[{"href":"https:\/\/protecweb.de\/en\/wp-json\/wp\/v2\/types\/page"}],"author":[{"embeddable":true,"href":"https:\/\/protecweb.de\/en\/wp-json\/wp\/v2\/users\/1"}],"replies":[{"embeddable":true,"href":"https:\/\/protecweb.de\/en\/wp-json\/wp\/v2\/comments?post=131"}],"version-history":[{"count":0,"href":"https:\/\/protecweb.de\/en\/wp-json\/wp\/v2\/pages\/131\/revisions"}],"wp:attachment":[{"href":"https:\/\/protecweb.de\/en\/wp-json\/wp\/v2\/media?parent=131"}],"curies":[{"name":"wp","href":"https:\/\/api.w.org\/{rel}","templated":true}]}}