{"id":285,"date":"2021-10-13T12:28:11","date_gmt":"2021-10-13T10:28:11","guid":{"rendered":"https:\/\/protecweb.de\/?page_id=285"},"modified":"2022-01-27T09:22:03","modified_gmt":"2022-01-27T08:22:03","slug":"thermografie-messsystem-tahl","status":"publish","type":"page","link":"https:\/\/protecweb.de\/en\/thermografie-messsystem-tahl\/","title":{"rendered":"Thermography Measuring System TAHL"},"content":{"rendered":"<p>The TAHL system allows you to safely and reliably monitor thermal processes in your production. You can define measuring ranges and freely configure analysis methods for them. Monitor and analyze both the position and the thermal properties of the production. A convenient PLC interface allows the system to be seamlessly integrated into your production line.<\/p>\n\n\n\n<hr class=\"wp-block-separator\"\/>\n\n\n\n<h3 class=\"wp-block-heading\" id=\"alle-highlights-auf-einen-blick\">All highlights at a glance<\/h3>\n\n\n\n<ul class=\"wp-block-list\"><li><strong>Robust <\/strong>and <strong>powerful hardware<\/strong><\/li><li><strong>Automatic measuring methods<\/strong> without adjustment effort<\/li><li><strong>Flexible <\/strong>and <strong>user-friendly software<\/strong><\/li><li><strong>Cost savings of up to 83%<\/strong> due to automated measuring and heating time<\/li><li><strong>Integration support<\/strong><\/li><\/ul>\n\n\n\n<hr class=\"wp-block-separator\"\/>\n\n\n\n<h3 class=\"wp-block-heading\" id=\"warmebildkamera\">Thermal imaging camera<\/h3>\n\n\n\n<figure class=\"wp-block-image size-large\"><a href=\"https:\/\/protecweb.de\/wp-content\/uploads\/2021\/10\/20201214_073037-scaled.jpg\"><img loading=\"lazy\" decoding=\"async\" width=\"1024\" height=\"768\" src=\"https:\/\/protecweb.de\/wp-content\/uploads\/2021\/10\/20201214_073037-1024x768.jpg\" alt=\"\" class=\"wp-image-286\" srcset=\"https:\/\/protecweb.de\/wp-content\/uploads\/2021\/10\/20201214_073037-1024x768.jpg 1024w, https:\/\/protecweb.de\/wp-content\/uploads\/2021\/10\/20201214_073037-300x225.jpg 300w, https:\/\/protecweb.de\/wp-content\/uploads\/2021\/10\/20201214_073037-768x576.jpg 768w, https:\/\/protecweb.de\/wp-content\/uploads\/2021\/10\/20201214_073037-1536x1152.jpg 1536w, https:\/\/protecweb.de\/wp-content\/uploads\/2021\/10\/20201214_073037-2048x1536.jpg 2048w, https:\/\/protecweb.de\/wp-content\/uploads\/2021\/10\/20201214_073037-16x12.jpg 16w, https:\/\/protecweb.de\/wp-content\/uploads\/2021\/10\/20201214_073037-80x60.jpg 80w\" sizes=\"auto, (max-width: 1024px) 100vw, 1024px\" \/><\/a><figcaption>Robust, passively cooled thermographic camera housing<\/figcaption><\/figure>\n\n\n\n<p>Our thermal imaging camera provides you with comprehensive visual temperature monitoring for your process control and quality assurance. Our <strong>powerful hardware<\/strong> paired with a <strong>sophisticated analysis software<\/strong> makes the system an effective tool for the quality assurance of your production processes.<\/p>\n\n\n\n<p>We use precise temperature sensors that allow <strong>contactless temperature measurement,<\/strong> supplemented by detailed thermal images. With their high sensitivity, even temperature differences as small as 50 mK become visible.<\/p>\n\n\n\n<p>The connection and mounting of the camera is very convenient for you: Different mounting brackets allow easy mounting. The camera is connected via a single cable with an industrial connector at the camera housing. Furthermore, additional cooling of the camera is generally not required: The camera can cool itself via its solid aluminum housing (depending on the ambient conditions).<\/p>\n\n\n\n<p>Furthermore, the <strong>compact design<\/strong> of the camera allows you to use the system where only limited mounting space is available. With dimensions of only 100 x 124 x 180 mm, the camera housing is surprisingly compact, even though it simultaneously serves as a cooling housing.<\/p>\n\n\n\n<h4 class=\"wp-block-heading\" id=\"technische-daten\">Technical data<\/h4>\n\n\n\n<ul class=\"wp-block-list\"><li><strong>Infrared resolution:<\/strong> 640 x 512 Pixel<\/li><li><strong>Field of view:<\/strong> 6.2\u00b0 \/ 12.4\u00b0 \/ 25\u00b0 \/ 45\u00b0 \/ 90\u00b0 (ordering options)<\/li><li><strong>Frame rate:<\/strong> 30 Hz<\/li><li><strong>Thermal sensitivity \/ NETD:<\/strong> &lt; 0.05\u00b0C at 30\u00b0C\/50mK<\/li><li><strong>Dimensions (HxWxD):<\/strong> 100 x 124 x 180 mm<\/li><\/ul>\n\n\n\n<hr class=\"wp-block-separator\"\/>\n\n\n\n<h3 class=\"wp-block-heading\" id=\"analyseverfahren\">Analysis methods<\/h3>\n\n\n\n<p>Our thermography system has a wide range of analysis methods available that allow the system to be adapted to your needs. First, pre-processing methods remove image noise.<\/p>\n\n\n\n<p>Subsequently, differential methods can be used. These use, for example, the first thermal image of a measurement as a reference image and work with a differential image for the rest of the measurement. In this way, we can reliably measure products with <strong>strongly deviating base temperatures <\/strong>zuverl\u00e4ssig messen.<\/p>\n\n\n\n<p>With our <strong>automated object detection and counting<\/strong> we can detect both colder and warmer areas. During detection, we can additionally work with absolute, relative or <strong>adaptive thresholds.<\/strong> Thus, here too, no readjustment is necessary for different products. The system simply adjusts itself.<\/p>\n\n\n\n<p>Objects can be filtered in post-processing to eliminate false detections. In this case, relative and absolute size filters help you to achieve extremely reliable detection.<\/p>\n\n\n\n<p>No worries: We will of course support you during integration and commissioning.<\/p>\n\n\n\n<hr class=\"wp-block-separator\"\/>\n\n\n\n<h3 class=\"wp-block-heading\" id=\"analysesoftware\">Analysis software<\/h3>\n\n\n\n<figure class=\"wp-block-image size-large\"><a href=\"https:\/\/protecweb.de\/wp-content\/uploads\/2021\/10\/TahlSoftware.jpg\"><img loading=\"lazy\" decoding=\"async\" width=\"1024\" height=\"616\" src=\"https:\/\/protecweb.de\/wp-content\/uploads\/2021\/10\/TahlSoftware-1024x616.jpg\" alt=\"Heizleiterpr\u00fcfung der Heckscheibe eines Automobils\" class=\"wp-image-314\" srcset=\"https:\/\/protecweb.de\/wp-content\/uploads\/2021\/10\/TahlSoftware-1024x616.jpg 1024w, https:\/\/protecweb.de\/wp-content\/uploads\/2021\/10\/TahlSoftware-300x180.jpg 300w, https:\/\/protecweb.de\/wp-content\/uploads\/2021\/10\/TahlSoftware-768x462.jpg 768w, https:\/\/protecweb.de\/wp-content\/uploads\/2021\/10\/TahlSoftware-1536x923.jpg 1536w, https:\/\/protecweb.de\/wp-content\/uploads\/2021\/10\/TahlSoftware-18x12.jpg 18w, https:\/\/protecweb.de\/wp-content\/uploads\/2021\/10\/TahlSoftware-100x60.jpg 100w, https:\/\/protecweb.de\/wp-content\/uploads\/2021\/10\/TahlSoftware.jpg 1680w\" sizes=\"auto, (max-width: 1024px) 100vw, 1024px\" \/><\/a><figcaption>Thermography analysis software (here: heat conductor test rear windshield)<\/figcaption><\/figure>\n\n\n\n<h4 class=\"wp-block-heading\" id=\"produktverwaltung\">Product management<\/h4>\n\n\n\n<p>Often, more than one product or product variant is produced on a production line. For this reason, our software flexibly allows to create any number of variants, which are stored internally in a database. Each variant is stored in an internal database together with a name, preview image as well as all configured measurement windows. Later, it can be conveniently reloaded.<\/p>\n\n\n\n<h4 class=\"wp-block-heading\" id=\"messbereiche\">Measuring regions<\/h4>\n\n\n\n<p>Each measuring region is created with a name. This enables better recognition by the operator. When creating a measuring window the software <strong>automatically detects,<\/strong>how many objects are in the measuring range and have to be analyzed. Of course, this can be adjusted afterwards, if necessary.<\/p>\n\n\n\n<p>Furthermore, <strong>different shapes<\/strong> of measuring regions can be defined, for example rectangles or ellipses. The measuring areas are <strong>variable in size <\/strong>and can be rotated at any angle. This means that even measurement regions that are difficult to isolate can be analyzed.<\/p>\n\n\n\n<h4 class=\"wp-block-heading\" id=\"messvorgang\">Measuring process<\/h4>\n\n\n\n<p>For some measurement applications, the product must first be heated up. This is the case, for example, with the thermographic analysis of heating conductors on the rear windows of automobiles. The heat conductors of the rear window are first heated electrically in order to be able to thermally lift themselves from the glass. Unfortunately, conventional measurement systems require that the heating process takes place before the measurement starts. The heating time is overestimated and is therefore usually significantly longer than necessary - resulting in higher costs, and energy is expensive.<\/p>\n\n\n\n<h5 class=\"wp-block-heading\" id=\"kostenersparnis-von-bis-zu-83\">Cost savings of up to 83%<\/h5>\n\n\n\n<p>Our system takes a different approach: it starts the measurement at the same time as the heating process. While the heating conductors of the rear window heat up, measurements are taken continuously. As soon as a measurement is successful, the heating process is stopped and the measurement result is output. Only if the product is faulty the heating is continued up to a preset maximum measuring time to exclude false detections. This saves you costs and protects the environment.<\/p>\n\n\n\n<h4 class=\"wp-block-heading\" id=\"archivierung-von-messergebnissen\">Archiving of measurement results<\/h4>\n\n\n\n<p>Each measurement is automatically archived in detail in an SQL database. Everything from measurement time and result, to product name and measurement duration, to a thermographic image of the measurement is stored. And thanks to the efficient storage of the data, up to 8 million measurements can be archived on 1 TB of hard disk space without having to delete just one.<\/p>\n\n\n\n<hr class=\"wp-block-separator\"\/>\n\n\n\n<h3 class=\"wp-block-heading\" id=\"anwendungsbeispiele\">Examples of Use<\/h3>\n\n\n\n<ul class=\"wp-block-list\"><li>Presence detection of heat conductors on rear windows of automobiles<\/li><li>Glass production<\/li><li>Functional test of seat heatings<\/li><li>Monitoring the hot forming of sheet metal<\/li><li>Steel production<\/li><li>Testing of hardening processes<\/li><li>Process monitoring during freeze-drying of food products<\/li><li>Food baking processes<\/li><li>Electronics manufacturing (soldering of PCBs)<\/li><\/ul>\n\n\n\n<hr class=\"wp-block-separator\"\/>\n\n\n\n<p>Please <a href=\"https:\/\/protecweb.de\/en\/kontakt\/\" target=\"_blank\" rel=\"noreferrer noopener\">contact us<\/a> for further information.<\/p>","protected":false},"excerpt":{"rendered":"<p>Mit dem System TAHL \u00fcberwachen Sie sicher und zuverl\u00e4ssig thermische Prozesse in Ihrer Produktion. Sie k\u00f6nnen Messbereiche definieren und Analyseverfahren f\u00fcr diese frei konfigurieren. \u00dcberwachen und analysieren Sie sowohl die Position als auch die thermischen Eigenschaften der Produktion. Durch eine komfortable SPS-Schnittstelle l\u00e4sst sich das System nahtlos in Ihre Produktionslinie integrieren. Alle Highlights auf einen &hellip; <\/p>","protected":false},"author":1,"featured_media":0,"parent":0,"menu_order":0,"comment_status":"closed","ping_status":"closed","template":"","meta":{"_editorskit_title_hidden":false,"_editorskit_reading_time":0,"_editorskit_is_block_options_detached":false,"_editorskit_block_options_position":"{}","footnotes":""},"class_list":["post-285","page","type-page","status-publish","hentry"],"yoast_head":"<!-- This site is optimized with the Yoast SEO plugin v27.4 - https:\/\/yoast.com\/product\/yoast-seo-wordpress\/ -->\n<title>Thermografie-Messsystem TAHL - proTEC-Vision Automation GmbH<\/title>\n<meta name=\"description\" content=\"Mit dem System TAHL \u00fcberwachen Sie sicher und zuverl\u00e4ssig thermische Prozesse in Ihrer Produktion. Vollautomatisiert und benutzerfreundlich.\" \/>\n<meta name=\"robots\" content=\"index, follow, max-snippet:-1, max-image-preview:large, max-video-preview:-1\" \/>\n<link rel=\"canonical\" href=\"https:\/\/protecweb.de\/en\/thermografie-messsystem-tahl\/\" \/>\n<meta property=\"og:locale\" content=\"en_US\" \/>\n<meta property=\"og:type\" content=\"article\" \/>\n<meta property=\"og:title\" content=\"Thermografie-Messsystem TAHL - proTEC-Vision Automation GmbH\" \/>\n<meta property=\"og:description\" content=\"Mit dem System TAHL \u00fcberwachen Sie sicher und zuverl\u00e4ssig thermische Prozesse in Ihrer Produktion. Vollautomatisiert und benutzerfreundlich.\" \/>\n<meta property=\"og:url\" content=\"https:\/\/protecweb.de\/en\/thermografie-messsystem-tahl\/\" \/>\n<meta property=\"og:site_name\" content=\"proTEC-Vision Automation GmbH\" \/>\n<meta property=\"article:modified_time\" content=\"2022-01-27T08:22:03+00:00\" \/>\n<meta property=\"og:image\" content=\"https:\/\/protecweb.de\/wp-content\/uploads\/2021\/10\/20201214_073037-1024x768.jpg\" \/>\n<meta name=\"twitter:card\" content=\"summary_large_image\" \/>\n<meta name=\"twitter:label1\" content=\"Est. reading time\" \/>\n\t<meta name=\"twitter:data1\" content=\"5 minutes\" \/>\n<script type=\"application\/ld+json\" class=\"yoast-schema-graph\">{\"@context\":\"https:\\\/\\\/schema.org\",\"@graph\":[{\"@type\":\"WebPage\",\"@id\":\"https:\\\/\\\/protecweb.de\\\/thermografie-messsystem-tahl\\\/\",\"url\":\"https:\\\/\\\/protecweb.de\\\/thermografie-messsystem-tahl\\\/\",\"name\":\"Thermografie-Messsystem TAHL - proTEC-Vision Automation GmbH\",\"isPartOf\":{\"@id\":\"https:\\\/\\\/protecweb.de\\\/#website\"},\"primaryImageOfPage\":{\"@id\":\"https:\\\/\\\/protecweb.de\\\/thermografie-messsystem-tahl\\\/#primaryimage\"},\"image\":{\"@id\":\"https:\\\/\\\/protecweb.de\\\/thermografie-messsystem-tahl\\\/#primaryimage\"},\"thumbnailUrl\":\"https:\\\/\\\/protecweb.de\\\/wp-content\\\/uploads\\\/2021\\\/10\\\/20201214_073037-1024x768.jpg\",\"datePublished\":\"2021-10-13T10:28:11+00:00\",\"dateModified\":\"2022-01-27T08:22:03+00:00\",\"description\":\"Mit dem System TAHL \u00fcberwachen Sie sicher und zuverl\u00e4ssig thermische Prozesse in Ihrer Produktion. Vollautomatisiert und benutzerfreundlich.\",\"breadcrumb\":{\"@id\":\"https:\\\/\\\/protecweb.de\\\/thermografie-messsystem-tahl\\\/#breadcrumb\"},\"inLanguage\":\"en-US\",\"potentialAction\":[{\"@type\":\"ReadAction\",\"target\":[\"https:\\\/\\\/protecweb.de\\\/thermografie-messsystem-tahl\\\/\"]}]},{\"@type\":\"ImageObject\",\"inLanguage\":\"en-US\",\"@id\":\"https:\\\/\\\/protecweb.de\\\/thermografie-messsystem-tahl\\\/#primaryimage\",\"url\":\"https:\\\/\\\/protecweb.de\\\/wp-content\\\/uploads\\\/2021\\\/10\\\/20201214_073037-1024x768.jpg\",\"contentUrl\":\"https:\\\/\\\/protecweb.de\\\/wp-content\\\/uploads\\\/2021\\\/10\\\/20201214_073037-1024x768.jpg\"},{\"@type\":\"BreadcrumbList\",\"@id\":\"https:\\\/\\\/protecweb.de\\\/thermografie-messsystem-tahl\\\/#breadcrumb\",\"itemListElement\":[{\"@type\":\"ListItem\",\"position\":1,\"name\":\"Startseite\",\"item\":\"https:\\\/\\\/protecweb.de\\\/\"},{\"@type\":\"ListItem\",\"position\":2,\"name\":\"Thermografie-Messsystem TAHL\"}]},{\"@type\":\"WebSite\",\"@id\":\"https:\\\/\\\/protecweb.de\\\/#website\",\"url\":\"https:\\\/\\\/protecweb.de\\\/\",\"name\":\"proTEC-Vision Automation GmbH\",\"description\":\"Industrielle Bildverarbeitung und RFID-Systeme\",\"publisher\":{\"@id\":\"https:\\\/\\\/protecweb.de\\\/#organization\"},\"potentialAction\":[{\"@type\":\"SearchAction\",\"target\":{\"@type\":\"EntryPoint\",\"urlTemplate\":\"https:\\\/\\\/protecweb.de\\\/?s={search_term_string}\"},\"query-input\":{\"@type\":\"PropertyValueSpecification\",\"valueRequired\":true,\"valueName\":\"search_term_string\"}}],\"inLanguage\":\"en-US\"},{\"@type\":\"Organization\",\"@id\":\"https:\\\/\\\/protecweb.de\\\/#organization\",\"name\":\"proTEC-Vision Automation GmbH\",\"url\":\"https:\\\/\\\/protecweb.de\\\/\",\"logo\":{\"@type\":\"ImageObject\",\"inLanguage\":\"en-US\",\"@id\":\"https:\\\/\\\/protecweb.de\\\/#\\\/schema\\\/logo\\\/image\\\/\",\"url\":\"https:\\\/\\\/protecweb.de\\\/wp-content\\\/uploads\\\/2020\\\/09\\\/proTEC_Icon_256.ico\",\"contentUrl\":\"https:\\\/\\\/protecweb.de\\\/wp-content\\\/uploads\\\/2020\\\/09\\\/proTEC_Icon_256.ico\",\"width\":1,\"height\":1,\"caption\":\"proTEC-Vision Automation GmbH\"},\"image\":{\"@id\":\"https:\\\/\\\/protecweb.de\\\/#\\\/schema\\\/logo\\\/image\\\/\"}}]}<\/script>\n<!-- \/ Yoast SEO plugin. -->","yoast_head_json":{"title":"Thermografie-Messsystem TAHL - proTEC-Vision Automation GmbH","description":"Mit dem System TAHL \u00fcberwachen Sie sicher und zuverl\u00e4ssig thermische Prozesse in Ihrer Produktion. Vollautomatisiert und benutzerfreundlich.","robots":{"index":"index","follow":"follow","max-snippet":"max-snippet:-1","max-image-preview":"max-image-preview:large","max-video-preview":"max-video-preview:-1"},"canonical":"https:\/\/protecweb.de\/en\/thermografie-messsystem-tahl\/","og_locale":"en_US","og_type":"article","og_title":"Thermografie-Messsystem TAHL - proTEC-Vision Automation GmbH","og_description":"Mit dem System TAHL \u00fcberwachen Sie sicher und zuverl\u00e4ssig thermische Prozesse in Ihrer Produktion. Vollautomatisiert und benutzerfreundlich.","og_url":"https:\/\/protecweb.de\/en\/thermografie-messsystem-tahl\/","og_site_name":"proTEC-Vision Automation GmbH","article_modified_time":"2022-01-27T08:22:03+00:00","og_image":[{"url":"https:\/\/protecweb.de\/wp-content\/uploads\/2021\/10\/20201214_073037-1024x768.jpg","type":"","width":"","height":""}],"twitter_card":"summary_large_image","twitter_misc":{"Est. reading time":"5 minutes"},"schema":{"@context":"https:\/\/schema.org","@graph":[{"@type":"WebPage","@id":"https:\/\/protecweb.de\/thermografie-messsystem-tahl\/","url":"https:\/\/protecweb.de\/thermografie-messsystem-tahl\/","name":"Thermografie-Messsystem TAHL - proTEC-Vision Automation GmbH","isPartOf":{"@id":"https:\/\/protecweb.de\/#website"},"primaryImageOfPage":{"@id":"https:\/\/protecweb.de\/thermografie-messsystem-tahl\/#primaryimage"},"image":{"@id":"https:\/\/protecweb.de\/thermografie-messsystem-tahl\/#primaryimage"},"thumbnailUrl":"https:\/\/protecweb.de\/wp-content\/uploads\/2021\/10\/20201214_073037-1024x768.jpg","datePublished":"2021-10-13T10:28:11+00:00","dateModified":"2022-01-27T08:22:03+00:00","description":"Mit dem System TAHL \u00fcberwachen Sie sicher und zuverl\u00e4ssig thermische Prozesse in Ihrer Produktion. Vollautomatisiert und benutzerfreundlich.","breadcrumb":{"@id":"https:\/\/protecweb.de\/thermografie-messsystem-tahl\/#breadcrumb"},"inLanguage":"en-US","potentialAction":[{"@type":"ReadAction","target":["https:\/\/protecweb.de\/thermografie-messsystem-tahl\/"]}]},{"@type":"ImageObject","inLanguage":"en-US","@id":"https:\/\/protecweb.de\/thermografie-messsystem-tahl\/#primaryimage","url":"https:\/\/protecweb.de\/wp-content\/uploads\/2021\/10\/20201214_073037-1024x768.jpg","contentUrl":"https:\/\/protecweb.de\/wp-content\/uploads\/2021\/10\/20201214_073037-1024x768.jpg"},{"@type":"BreadcrumbList","@id":"https:\/\/protecweb.de\/thermografie-messsystem-tahl\/#breadcrumb","itemListElement":[{"@type":"ListItem","position":1,"name":"Startseite","item":"https:\/\/protecweb.de\/"},{"@type":"ListItem","position":2,"name":"Thermografie-Messsystem TAHL"}]},{"@type":"WebSite","@id":"https:\/\/protecweb.de\/#website","url":"https:\/\/protecweb.de\/","name":"proTEC-Vision Automation GmbH","description":"Industrial image processing and RFID systems","publisher":{"@id":"https:\/\/protecweb.de\/#organization"},"potentialAction":[{"@type":"SearchAction","target":{"@type":"EntryPoint","urlTemplate":"https:\/\/protecweb.de\/?s={search_term_string}"},"query-input":{"@type":"PropertyValueSpecification","valueRequired":true,"valueName":"search_term_string"}}],"inLanguage":"en-US"},{"@type":"Organization","@id":"https:\/\/protecweb.de\/#organization","name":"proTEC-Vision Automation GmbH","url":"https:\/\/protecweb.de\/","logo":{"@type":"ImageObject","inLanguage":"en-US","@id":"https:\/\/protecweb.de\/#\/schema\/logo\/image\/","url":"https:\/\/protecweb.de\/wp-content\/uploads\/2020\/09\/proTEC_Icon_256.ico","contentUrl":"https:\/\/protecweb.de\/wp-content\/uploads\/2020\/09\/proTEC_Icon_256.ico","width":1,"height":1,"caption":"proTEC-Vision Automation GmbH"},"image":{"@id":"https:\/\/protecweb.de\/#\/schema\/logo\/image\/"}}]}},"_links":{"self":[{"href":"https:\/\/protecweb.de\/en\/wp-json\/wp\/v2\/pages\/285","targetHints":{"allow":["GET"]}}],"collection":[{"href":"https:\/\/protecweb.de\/en\/wp-json\/wp\/v2\/pages"}],"about":[{"href":"https:\/\/protecweb.de\/en\/wp-json\/wp\/v2\/types\/page"}],"author":[{"embeddable":true,"href":"https:\/\/protecweb.de\/en\/wp-json\/wp\/v2\/users\/1"}],"replies":[{"embeddable":true,"href":"https:\/\/protecweb.de\/en\/wp-json\/wp\/v2\/comments?post=285"}],"version-history":[{"count":0,"href":"https:\/\/protecweb.de\/en\/wp-json\/wp\/v2\/pages\/285\/revisions"}],"wp:attachment":[{"href":"https:\/\/protecweb.de\/en\/wp-json\/wp\/v2\/media?parent=285"}],"curies":[{"name":"wp","href":"https:\/\/api.w.org\/{rel}","templated":true}]}}