{"id":432,"date":"2022-01-25T12:09:27","date_gmt":"2022-01-25T11:09:27","guid":{"rendered":"https:\/\/protecweb.de\/?page_id=432"},"modified":"2022-01-27T08:56:42","modified_gmt":"2022-01-27T07:56:42","slug":"riefenerkennung","status":"publish","type":"page","link":"https:\/\/protecweb.de\/en\/riefenerkennung\/","title":{"rendered":"Scratch Detection"},"content":{"rendered":"<p>One of the most common product defects in pressed and drawn wires from metal production are scratches. They inevitably occur during the manufacturing process as soon as, for example, solids get stuck in the drawing die. Scratches in the product often cause the manufactured product to be unusable for further processing.<\/p>\n\n\n\n<p>With the help of our 360\u00b0 surface inspection, you can reliably prevent these errors and pause production, correct the error, and continue flawlessly.<\/p>\n\n\n\n<hr class=\"wp-block-separator\"\/>\n\n\n\n<h3 class=\"wp-block-heading\" id=\"alle-highlights-auf-einen-blick\">All highlights at a glance<\/h3>\n\n\n\n<ul class=\"wp-block-list\"><li><strong>All-round inspection<\/strong><\/li><li><strong>Autofocus<\/strong><\/li><li><strong>Fast detection<\/strong> of defects<\/li><li><strong>Flexible <\/strong>and <strong>user-friendly software<\/strong><\/li><li><strong>Full recording<\/strong> of production<\/li><\/ul>\n\n\n\n<hr class=\"wp-block-separator\"\/>\n\n\n\n<h3 class=\"wp-block-heading\" id=\"messkopf\">Measuring head<\/h3>\n\n\n\n<figure class=\"wp-block-image size-full\"><img loading=\"lazy\" decoding=\"async\" width=\"1024\" height=\"768\" src=\"https:\/\/protecweb.de\/wp-content\/uploads\/2022\/01\/20211115_130531-1.jpg\" alt=\"\" class=\"wp-image-374\" srcset=\"https:\/\/protecweb.de\/wp-content\/uploads\/2022\/01\/20211115_130531-1.jpg 1024w, https:\/\/protecweb.de\/wp-content\/uploads\/2022\/01\/20211115_130531-1-300x225.jpg 300w, https:\/\/protecweb.de\/wp-content\/uploads\/2022\/01\/20211115_130531-1-768x576.jpg 768w, https:\/\/protecweb.de\/wp-content\/uploads\/2022\/01\/20211115_130531-1-16x12.jpg 16w, https:\/\/protecweb.de\/wp-content\/uploads\/2022\/01\/20211115_130531-1-80x60.jpg 80w\" sizes=\"auto, (max-width: 1024px) 100vw, 1024px\" \/><figcaption>Robust measuring head for 360\u00b0 surface inspection<\/figcaption><\/figure>\n\n\n\n<hr class=\"wp-block-separator\"\/>\n\n\n\n<p>The wire production passes through the measuring head and is analyzed for defects therein. In front of and behind the measuring head are <strong>elements for vibration damping<\/strong> of the wire so that it passes through the gauge head as smoothly as possible.<\/p>\n\n\n\n<p>The system supports <strong>production speeds of 150 m\/min (2.5 m\/s)<\/strong> and detects defects within 200 mm. This means that production is stopped after only 200 mm of faulty wire. It is therefore not necessary to rewind the already coiled material.<\/p>\n\n\n\n<p>The connection to the plant control system is possible via a PLC interface module and allows the system to be put into operation fully automatically via the plant and to process the evaluation signals.<\/p>\n\n\n\n<figure class=\"wp-block-image size-full\"><img loading=\"lazy\" decoding=\"async\" width=\"1024\" height=\"682\" src=\"https:\/\/protecweb.de\/wp-content\/uploads\/2022\/01\/ScratchDetection_2.jpg\" alt=\"\" class=\"wp-image-433\" srcset=\"https:\/\/protecweb.de\/wp-content\/uploads\/2022\/01\/ScratchDetection_2.jpg 1024w, https:\/\/protecweb.de\/wp-content\/uploads\/2022\/01\/ScratchDetection_2-300x200.jpg 300w, https:\/\/protecweb.de\/wp-content\/uploads\/2022\/01\/ScratchDetection_2-768x512.jpg 768w, https:\/\/protecweb.de\/wp-content\/uploads\/2022\/01\/ScratchDetection_2-18x12.jpg 18w, https:\/\/protecweb.de\/wp-content\/uploads\/2022\/01\/ScratchDetection_2-90x60.jpg 90w\" sizes=\"auto, (max-width: 1024px) 100vw, 1024px\" \/><figcaption>Measurement sensors<\/figcaption><\/figure>\n\n\n\n<p>Our optical measuring sensors capture the wire from all sides and enable the analysis of the wire surface by means of a sophisticated analysis procedure. The system automatically adjusts to different wire sizes and materials, eliminating the need for manual adjustments.<\/p>\n\n\n\n<p>Scratches are measured in their depth, width and length. Scratches are detected from a <strong>depth\/width of approx. 6 - 10 \u00b5m.<\/strong> All detected scratches are visualized in the system and saved at runtime. Even after the end of production, the entire evaluation can be traced and thus the quality of the production can be proven.<\/p>\n\n\n\n<hr class=\"wp-block-separator\"\/>\n\n\n\n<h3 class=\"wp-block-heading\" id=\"technische-daten\">Technical data<\/h3>\n\n\n\n<ul class=\"wp-block-list\"><li><strong>Resolution:<\/strong> 9.2 Megapixel<\/li><li><strong>Field of view:<\/strong> 9 x 5.6 mm \/ 13 x 8 mm (customized to application)<\/li><li><strong>Accuracy:<\/strong> 4.6 \/ 6.8 \u00b5m<\/li><li><strong>Frame rate:<\/strong> 51 Hz<\/li><li><strong>Dimensions (HxWxD): <\/strong>300 x 300 x 100 mm (measuring head without periphery)<\/li><\/ul>\n\n\n\n<h3 class=\"wp-block-heading\" id=\"produktverwaltung\">Product management<\/h3>\n\n\n\n<p>You can create an arbitrary measurement configuration for each of your products. Here, the system allows you to set the threshold values for the scratch detection for each side of the wire individually. Edge areas of the wire can be excluded from the evaluation if desired.<\/p>\n\n\n\n<h3 class=\"wp-block-heading\" id=\"archivierung-von-messergebnissen\">Archiving of measurement results<\/h3>\n\n\n\n<p>The measurement is continuously recorded with date, time and production data. Detected scratches are recorded in detail. When a measurement is re-evaluated, it is possible to see exactly when a scratch was detected, on which side it occurred, and what its dimensions are. In addition, it can be clearly seen at any time which threshold values were used.<\/p>\n\n\n\n<hr class=\"wp-block-separator\"\/>\n\n\n\n<p> Please <a href=\"https:\/\/protecweb.de\/en\/kontakt\/\" target=\"_blank\" rel=\"noreferrer noopener\" class=\"ek-link\">contact us<\/a> for further information.<\/p>","protected":false},"excerpt":{"rendered":"<p>Einer der h\u00e4ufigsten Produktfehler bei gepressten und gezogenen Dr\u00e4hten aus der Metallproduktion sind Riefen. Sie entstehen unweigerlich beim Herstellungsprozess, sobald sich beispielsweise Feststoffe im Ziehstein festsetzen. Durch Riefen im Produkt wird die hergestellte Ware f\u00fcr die Weiterverwendung oftmals unbrauchbar. Mit Hilfe unserer 360\u00b0 Oberfl\u00e4cheninspektion beugen Sie diesen Fehlern zuverl\u00e4ssig vor und k\u00f6nnen die Produktion pausieren, &hellip; <\/p>","protected":false},"author":1,"featured_media":0,"parent":0,"menu_order":0,"comment_status":"closed","ping_status":"closed","template":"","meta":{"_editorskit_title_hidden":false,"_editorskit_reading_time":2,"_editorskit_is_block_options_detached":false,"_editorskit_block_options_position":"{}","footnotes":""},"class_list":["post-432","page","type-page","status-publish","hentry"],"yoast_head":"<!-- This site is optimized with the Yoast SEO plugin v27.3 - https:\/\/yoast.com\/product\/yoast-seo-wordpress\/ -->\n<title>Riefenerkennung - proTEC-Vision Automation GmbH<\/title>\n<meta name=\"description\" content=\"Beugen Sie Produktfehlern bei der Drahtproduktion in der Metallindustrie vor. Unsere 360\u00b0 Inspektion erkennt zuverl\u00e4ssig Oberfl\u00e4chenfehler.\" \/>\n<meta name=\"robots\" content=\"index, follow, max-snippet:-1, max-image-preview:large, max-video-preview:-1\" \/>\n<link rel=\"canonical\" href=\"https:\/\/protecweb.de\/en\/riefenerkennung\/\" \/>\n<meta property=\"og:locale\" content=\"en_US\" \/>\n<meta property=\"og:type\" content=\"article\" \/>\n<meta property=\"og:title\" content=\"Riefenerkennung - proTEC-Vision Automation GmbH\" \/>\n<meta property=\"og:description\" content=\"Beugen Sie Produktfehlern bei der Drahtproduktion in der Metallindustrie vor. Unsere 360\u00b0 Inspektion erkennt zuverl\u00e4ssig Oberfl\u00e4chenfehler.\" \/>\n<meta property=\"og:url\" content=\"https:\/\/protecweb.de\/en\/riefenerkennung\/\" \/>\n<meta property=\"og:site_name\" content=\"proTEC-Vision Automation GmbH\" \/>\n<meta property=\"article:modified_time\" content=\"2022-01-27T07:56:42+00:00\" \/>\n<meta property=\"og:image\" content=\"https:\/\/protecweb.de\/wp-content\/uploads\/2022\/01\/20211115_130531-1.jpg\" \/>\n<meta name=\"twitter:card\" content=\"summary_large_image\" \/>\n<meta name=\"twitter:label1\" content=\"Est. reading time\" \/>\n\t<meta name=\"twitter:data1\" content=\"3 minutes\" \/>\n<script type=\"application\/ld+json\" class=\"yoast-schema-graph\">{\"@context\":\"https:\\\/\\\/schema.org\",\"@graph\":[{\"@type\":\"WebPage\",\"@id\":\"https:\\\/\\\/protecweb.de\\\/riefenerkennung\\\/\",\"url\":\"https:\\\/\\\/protecweb.de\\\/riefenerkennung\\\/\",\"name\":\"Riefenerkennung - proTEC-Vision Automation GmbH\",\"isPartOf\":{\"@id\":\"https:\\\/\\\/protecweb.de\\\/#website\"},\"primaryImageOfPage\":{\"@id\":\"https:\\\/\\\/protecweb.de\\\/riefenerkennung\\\/#primaryimage\"},\"image\":{\"@id\":\"https:\\\/\\\/protecweb.de\\\/riefenerkennung\\\/#primaryimage\"},\"thumbnailUrl\":\"https:\\\/\\\/protecweb.de\\\/wp-content\\\/uploads\\\/2022\\\/01\\\/20211115_130531-1.jpg\",\"datePublished\":\"2022-01-25T11:09:27+00:00\",\"dateModified\":\"2022-01-27T07:56:42+00:00\",\"description\":\"Beugen Sie Produktfehlern bei der Drahtproduktion in der Metallindustrie vor. Unsere 360\u00b0 Inspektion erkennt zuverl\u00e4ssig Oberfl\u00e4chenfehler.\",\"breadcrumb\":{\"@id\":\"https:\\\/\\\/protecweb.de\\\/riefenerkennung\\\/#breadcrumb\"},\"inLanguage\":\"en-US\",\"potentialAction\":[{\"@type\":\"ReadAction\",\"target\":[\"https:\\\/\\\/protecweb.de\\\/riefenerkennung\\\/\"]}]},{\"@type\":\"ImageObject\",\"inLanguage\":\"en-US\",\"@id\":\"https:\\\/\\\/protecweb.de\\\/riefenerkennung\\\/#primaryimage\",\"url\":\"https:\\\/\\\/protecweb.de\\\/wp-content\\\/uploads\\\/2022\\\/01\\\/20211115_130531-1.jpg\",\"contentUrl\":\"https:\\\/\\\/protecweb.de\\\/wp-content\\\/uploads\\\/2022\\\/01\\\/20211115_130531-1.jpg\"},{\"@type\":\"BreadcrumbList\",\"@id\":\"https:\\\/\\\/protecweb.de\\\/riefenerkennung\\\/#breadcrumb\",\"itemListElement\":[{\"@type\":\"ListItem\",\"position\":1,\"name\":\"Startseite\",\"item\":\"https:\\\/\\\/protecweb.de\\\/\"},{\"@type\":\"ListItem\",\"position\":2,\"name\":\"Riefenerkennung\"}]},{\"@type\":\"WebSite\",\"@id\":\"https:\\\/\\\/protecweb.de\\\/#website\",\"url\":\"https:\\\/\\\/protecweb.de\\\/\",\"name\":\"proTEC-Vision Automation GmbH\",\"description\":\"Industrielle Bildverarbeitung und RFID-Systeme\",\"publisher\":{\"@id\":\"https:\\\/\\\/protecweb.de\\\/#organization\"},\"potentialAction\":[{\"@type\":\"SearchAction\",\"target\":{\"@type\":\"EntryPoint\",\"urlTemplate\":\"https:\\\/\\\/protecweb.de\\\/?s={search_term_string}\"},\"query-input\":{\"@type\":\"PropertyValueSpecification\",\"valueRequired\":true,\"valueName\":\"search_term_string\"}}],\"inLanguage\":\"en-US\"},{\"@type\":\"Organization\",\"@id\":\"https:\\\/\\\/protecweb.de\\\/#organization\",\"name\":\"proTEC-Vision Automation GmbH\",\"url\":\"https:\\\/\\\/protecweb.de\\\/\",\"logo\":{\"@type\":\"ImageObject\",\"inLanguage\":\"en-US\",\"@id\":\"https:\\\/\\\/protecweb.de\\\/#\\\/schema\\\/logo\\\/image\\\/\",\"url\":\"https:\\\/\\\/protecweb.de\\\/wp-content\\\/uploads\\\/2020\\\/09\\\/proTEC_Icon_256.ico\",\"contentUrl\":\"https:\\\/\\\/protecweb.de\\\/wp-content\\\/uploads\\\/2020\\\/09\\\/proTEC_Icon_256.ico\",\"width\":1,\"height\":1,\"caption\":\"proTEC-Vision Automation GmbH\"},\"image\":{\"@id\":\"https:\\\/\\\/protecweb.de\\\/#\\\/schema\\\/logo\\\/image\\\/\"}}]}<\/script>\n<!-- \/ Yoast SEO plugin. -->","yoast_head_json":{"title":"Riefenerkennung - proTEC-Vision Automation GmbH","description":"Beugen Sie Produktfehlern bei der Drahtproduktion in der Metallindustrie vor. Unsere 360\u00b0 Inspektion erkennt zuverl\u00e4ssig Oberfl\u00e4chenfehler.","robots":{"index":"index","follow":"follow","max-snippet":"max-snippet:-1","max-image-preview":"max-image-preview:large","max-video-preview":"max-video-preview:-1"},"canonical":"https:\/\/protecweb.de\/en\/riefenerkennung\/","og_locale":"en_US","og_type":"article","og_title":"Riefenerkennung - proTEC-Vision Automation GmbH","og_description":"Beugen Sie Produktfehlern bei der Drahtproduktion in der Metallindustrie vor. Unsere 360\u00b0 Inspektion erkennt zuverl\u00e4ssig Oberfl\u00e4chenfehler.","og_url":"https:\/\/protecweb.de\/en\/riefenerkennung\/","og_site_name":"proTEC-Vision Automation GmbH","article_modified_time":"2022-01-27T07:56:42+00:00","og_image":[{"url":"https:\/\/protecweb.de\/wp-content\/uploads\/2022\/01\/20211115_130531-1.jpg","type":"","width":"","height":""}],"twitter_card":"summary_large_image","twitter_misc":{"Est. reading time":"3 minutes"},"schema":{"@context":"https:\/\/schema.org","@graph":[{"@type":"WebPage","@id":"https:\/\/protecweb.de\/riefenerkennung\/","url":"https:\/\/protecweb.de\/riefenerkennung\/","name":"Riefenerkennung - proTEC-Vision Automation GmbH","isPartOf":{"@id":"https:\/\/protecweb.de\/#website"},"primaryImageOfPage":{"@id":"https:\/\/protecweb.de\/riefenerkennung\/#primaryimage"},"image":{"@id":"https:\/\/protecweb.de\/riefenerkennung\/#primaryimage"},"thumbnailUrl":"https:\/\/protecweb.de\/wp-content\/uploads\/2022\/01\/20211115_130531-1.jpg","datePublished":"2022-01-25T11:09:27+00:00","dateModified":"2022-01-27T07:56:42+00:00","description":"Beugen Sie Produktfehlern bei der Drahtproduktion in der Metallindustrie vor. Unsere 360\u00b0 Inspektion erkennt zuverl\u00e4ssig Oberfl\u00e4chenfehler.","breadcrumb":{"@id":"https:\/\/protecweb.de\/riefenerkennung\/#breadcrumb"},"inLanguage":"en-US","potentialAction":[{"@type":"ReadAction","target":["https:\/\/protecweb.de\/riefenerkennung\/"]}]},{"@type":"ImageObject","inLanguage":"en-US","@id":"https:\/\/protecweb.de\/riefenerkennung\/#primaryimage","url":"https:\/\/protecweb.de\/wp-content\/uploads\/2022\/01\/20211115_130531-1.jpg","contentUrl":"https:\/\/protecweb.de\/wp-content\/uploads\/2022\/01\/20211115_130531-1.jpg"},{"@type":"BreadcrumbList","@id":"https:\/\/protecweb.de\/riefenerkennung\/#breadcrumb","itemListElement":[{"@type":"ListItem","position":1,"name":"Startseite","item":"https:\/\/protecweb.de\/"},{"@type":"ListItem","position":2,"name":"Riefenerkennung"}]},{"@type":"WebSite","@id":"https:\/\/protecweb.de\/#website","url":"https:\/\/protecweb.de\/","name":"proTEC-Vision Automation GmbH","description":"Industrial image processing and RFID systems","publisher":{"@id":"https:\/\/protecweb.de\/#organization"},"potentialAction":[{"@type":"SearchAction","target":{"@type":"EntryPoint","urlTemplate":"https:\/\/protecweb.de\/?s={search_term_string}"},"query-input":{"@type":"PropertyValueSpecification","valueRequired":true,"valueName":"search_term_string"}}],"inLanguage":"en-US"},{"@type":"Organization","@id":"https:\/\/protecweb.de\/#organization","name":"proTEC-Vision Automation GmbH","url":"https:\/\/protecweb.de\/","logo":{"@type":"ImageObject","inLanguage":"en-US","@id":"https:\/\/protecweb.de\/#\/schema\/logo\/image\/","url":"https:\/\/protecweb.de\/wp-content\/uploads\/2020\/09\/proTEC_Icon_256.ico","contentUrl":"https:\/\/protecweb.de\/wp-content\/uploads\/2020\/09\/proTEC_Icon_256.ico","width":1,"height":1,"caption":"proTEC-Vision Automation GmbH"},"image":{"@id":"https:\/\/protecweb.de\/#\/schema\/logo\/image\/"}}]}},"_links":{"self":[{"href":"https:\/\/protecweb.de\/en\/wp-json\/wp\/v2\/pages\/432","targetHints":{"allow":["GET"]}}],"collection":[{"href":"https:\/\/protecweb.de\/en\/wp-json\/wp\/v2\/pages"}],"about":[{"href":"https:\/\/protecweb.de\/en\/wp-json\/wp\/v2\/types\/page"}],"author":[{"embeddable":true,"href":"https:\/\/protecweb.de\/en\/wp-json\/wp\/v2\/users\/1"}],"replies":[{"embeddable":true,"href":"https:\/\/protecweb.de\/en\/wp-json\/wp\/v2\/comments?post=432"}],"version-history":[{"count":0,"href":"https:\/\/protecweb.de\/en\/wp-json\/wp\/v2\/pages\/432\/revisions"}],"wp:attachment":[{"href":"https:\/\/protecweb.de\/en\/wp-json\/wp\/v2\/media?parent=432"}],"curies":[{"name":"wp","href":"https:\/\/api.w.org\/{rel}","templated":true}]}}