{"id":539,"date":"2022-09-29T11:32:49","date_gmt":"2022-09-29T09:32:49","guid":{"rendered":"https:\/\/protecweb.de\/?page_id=539"},"modified":"2023-01-26T12:44:33","modified_gmt":"2023-01-26T11:44:33","slug":"kontaktlose-zahlung","status":"publish","type":"page","link":"https:\/\/protecweb.de\/en\/kontaktlose-zahlung\/","title":{"rendered":"Contactless Payment"},"content":{"rendered":"<p><strong>Speziell f\u00fcr SB-Waschanlagen &#8211; aber auch \u00fcberall anders nutzbar.<\/strong><\/p>\n\n\n\n<p>Sie suchen nach einer einfachen L\u00f6sung in Ihre <strong>bestehende <\/strong>SB-Waschanlage <strong>kontaktlose Zahlung<\/strong> <strong>nachzur\u00fcsten<\/strong>? Kein Problem! Wir haben die L\u00f6sung: Unser Kartenterminal f\u00fcr kontaktlose Zahlung. In der Anschaffung und insbesondere in Sachen laufende Kosten ist es eines der <strong>kosteng\u00fcnstigsten <\/strong>auf dem Markt.<\/p>\n\n\n\n<div class=\"alignnormal\"><div id=\"metaslider-id-664\" style=\"width: 100%;\" class=\"ml-slider-3-108-0 metaslider metaslider-nivo metaslider-664 ml-slider has-dots-nav ms-theme-default\" role=\"region\" aria-label=\"Kartenzahlterminal\" data-height=\"550\" data-width=\"760\">\n    <div id=\"metaslider_container_664\">\n        <div class='slider-wrapper theme-default'><div class='ribbon'><\/div><div id='metaslider_664' class='nivoSlider'><a href=\"https:\/\/protecweb.de\/wp-content\/uploads\/2022\/11\/Terminal-01.jpg\" target=\"_self\"><img loading=\"lazy\" decoding=\"async\" src=\"https:\/\/protecweb.de\/wp-content\/uploads\/2022\/11\/Terminal-01-760x550.jpg\" height=\"550\" width=\"760\" title=\"proTEC Kartenleseger\u00e4t zur kontaktlosen Zahlung\" alt=\"\" class=\"slider-664 slide-665 msDefaultImage\" \/><\/a><a href=\"https:\/\/protecweb.de\/wp-content\/uploads\/2022\/11\/Terminal-02.jpg\" target=\"_self\"><img loading=\"lazy\" decoding=\"async\" src=\"https:\/\/protecweb.de\/wp-content\/uploads\/2022\/11\/Terminal-02-760x550.jpg\" height=\"550\" width=\"760\" title=\"proTEC Kartenleseger\u00e4t zur kontaktlosen Zahlung\" alt=\"\" class=\"slider-664 slide-666 msDefaultImage\" \/><\/a><a href=\"https:\/\/protecweb.de\/wp-content\/uploads\/2022\/11\/Terminal-03.jpg\" target=\"_self\"><img loading=\"lazy\" decoding=\"async\" src=\"https:\/\/protecweb.de\/wp-content\/uploads\/2022\/11\/Terminal-03-760x550.jpg\" height=\"550\" width=\"760\" title=\"proTEC Kartenleseger\u00e4t zur kontaktlosen Zahlung\" alt=\"\" class=\"slider-664 slide-667 msDefaultImage\" \/><\/a><a href=\"https:\/\/protecweb.de\/wp-content\/uploads\/2022\/11\/Terminal-05.jpg\" target=\"_self\"><img loading=\"lazy\" decoding=\"async\" src=\"https:\/\/protecweb.de\/wp-content\/uploads\/2022\/11\/Terminal-05-760x550.jpg\" height=\"550\" width=\"760\" title=\"proTEC Kartenleseger\u00e4t zur kontaktlosen Zahlung\" alt=\"\" class=\"slider-664 slide-668 msDefaultImage\" \/><\/a><a href=\"https:\/\/protecweb.de\/wp-content\/uploads\/2022\/11\/Terminal-07.jpg\" target=\"_self\"><img loading=\"lazy\" decoding=\"async\" src=\"https:\/\/protecweb.de\/wp-content\/uploads\/2022\/11\/Terminal-07-760x550.jpg\" height=\"550\" width=\"760\" title=\"proTEC Kartenleseger\u00e4t zur kontaktlosen Zahlung\" alt=\"\" class=\"slider-664 slide-669 msDefaultImage\" \/><\/a><a href=\"https:\/\/protecweb.de\/wp-content\/uploads\/2022\/11\/Terminal-11.jpg\" target=\"_self\"><img loading=\"lazy\" decoding=\"async\" src=\"https:\/\/protecweb.de\/wp-content\/uploads\/2022\/11\/Terminal-11-760x550.jpg\" height=\"550\" width=\"760\" title=\"proTEC Kartenleseger\u00e4t zur kontaktlosen Zahlung\" alt=\"\" class=\"slider-664 slide-670 msDefaultImage\" \/><\/a><a href=\"https:\/\/protecweb.de\/wp-content\/uploads\/2022\/11\/Terminal-13.jpg\" target=\"_self\"><img loading=\"lazy\" decoding=\"async\" src=\"https:\/\/protecweb.de\/wp-content\/uploads\/2022\/11\/Terminal-13-760x550.jpg\" height=\"550\" width=\"760\" title=\"proTEC Kartenleseger\u00e4t zur kontaktlosen Zahlung\" alt=\"\" class=\"slider-664 slide-671 msDefaultImage\" \/><\/a><a href=\"https:\/\/protecweb.de\/wp-content\/uploads\/2022\/11\/Terminal-15.jpg\" target=\"_self\"><img loading=\"lazy\" decoding=\"async\" src=\"https:\/\/protecweb.de\/wp-content\/uploads\/2022\/11\/Terminal-15-760x550.jpg\" height=\"550\" width=\"760\" title=\"proTEC Kartenleseger\u00e4t zur kontaktlosen Zahlung\" alt=\"\" class=\"slider-664 slide-672 msDefaultImage\" \/><\/a><a href=\"https:\/\/protecweb.de\/wp-content\/uploads\/2022\/11\/Terminal-16.jpg\" target=\"_self\"><img loading=\"lazy\" decoding=\"async\" src=\"https:\/\/protecweb.de\/wp-content\/uploads\/2022\/11\/Terminal-16-760x550.jpg\" height=\"550\" width=\"760\" title=\"proTEC Kartenleseger\u00e4t zur kontaktlosen Zahlung\" alt=\"\" class=\"slider-664 slide-673 msDefaultImage\" \/><\/a><a href=\"https:\/\/protecweb.de\/wp-content\/uploads\/2022\/11\/Terminal-18.jpg\" target=\"_self\"><img loading=\"lazy\" decoding=\"async\" src=\"https:\/\/protecweb.de\/wp-content\/uploads\/2022\/11\/Terminal-18-760x550.jpg\" height=\"550\" width=\"760\" title=\"proTEC Kartenleseger\u00e4t zur kontaktlosen Zahlung\" alt=\"\" class=\"slider-664 slide-674 msDefaultImage\" \/><\/a><\/div><\/div>\n        \n    <\/div>\n<\/div><\/div>\n\n\n\n<h3 class=\"wp-block-heading\">Warum kontaktlose Zahlung?<\/h3>\n\n\n\n<p>Kontaktlose Zahlung (Kartenzahlung) ist international bereits weit verbreitet und nimmt auch in Deutschland immer weiter Einzug. Oftmals k\u00f6nnen Kunden Leistungen nicht wie gew\u00fcnscht nutzen, da gerade nicht genug Kleingeld in der Tasche ist. Auf dem Bankkonto aber schon.<br>Geben Sie Ihren Kunden etwas mehr Komfort und lassen Sie sie entspannt mit Karte, Smartphone oder Smartwatch (NFC) zahlen.<\/p>\n\n\n\n<p><strong>Und das beste ist: Sie k\u00f6nnen bestehende Bargeld-Zahlmethoden beibehalten &#8211; beispielsweise M\u00fcnzpr\u00fcfer oder Scheinpr\u00fcfer.<\/strong><\/p>\n\n\n\n<figure class=\"wp-block-pullquote\"><blockquote><p>Ideal f\u00fcr Automaten und Waschanlagen<\/p><cite>Komfortabel und flexibel integrierbar<\/cite><\/blockquote><\/figure>\n\n\n\n<p>Es ist ganz einfach: Unsere Ger\u00e4te zur Kartenzahlung sind f\u00fcr die Hinterwandmontage konzipiert und daher extrem witterungsbest\u00e4ndig, selbst in Waschanlagen mit Hochdrucklanzen. Das Kartenleseger\u00e4t eignet sich f\u00fcr Frontplattenst\u00e4rken zwischen 0,5 und 5 mm.<\/p>\n\n\n\n<figure class=\"wp-block-pullquote\"><blockquote><p>Wie viel Platz ben\u00f6tigt das Ger\u00e4t?<\/p><cite>Nur 130 x 105 mm<\/cite><\/blockquote><\/figure>\n\n\n\n<h3 class=\"wp-block-heading\">Flexible Integration<\/h3>\n\n\n\n<p>Die Anbindung an die Anlage ist denkbar einfach. Verarbeitet Ihre Anlage Impulse pro Centbetrag, Festbetr\u00e4ge oder muss ein Ausgang f\u00fcr eine einstellbare Zeitspanne gesetzt werden? Wie auch immer, unser Ger\u00e4t kann f\u00fcr all diese Varianten konfiguriert werden.<\/p>\n\n\n\n<h4 class=\"wp-block-heading\">Wie wird das Ger\u00e4t in meine Anlage verbaut?<\/h4>\n\n\n\n<p>Das Ger\u00e4t ben\u00f6tigt einen rechteckigen Ausschnitt sowie 6 Bohrungen f\u00fcr die Montageschrauben. Das Ger\u00e4t passt sich an verschiedene Frontplattenst\u00e4rken an. F\u00fcr die Betragsauswahl wird ein externer Taster verbaut. Hier nutzen wir bew\u00e4hrte Markenqualit\u00e4t, welche robust und langlebig ist.<br>Wir bieten einen Einbauservice an, der Einbau kann aber selbstverst\u00e4ndlich auch von Ihnen organisiert werden.<\/p>\n\n\n\n<h4 class=\"wp-block-heading\">Sie m\u00f6chten weiterhin die Zahlung per Bargeld oder Wertmarken erm\u00f6glichen?<\/h4>\n\n\n\n<p>Unser Ger\u00e4t verf\u00fcgt \u00fcber konfigurierbare Ein- und Ausg\u00e4nge, sodass Sie einfach ein bestehendes Zahlsystem an unser System anbinden und unser Ger\u00e4t die Zahlungen gesammelt an die Anlage weitergibt.<\/p>\n\n\n\n<p><strong><span style=\"background-color:#00d084\" class=\"has-inline-background\">Besonders elegant:<\/span><\/strong> Wir haben bereits eine steckerkompatible Schnittstelle f\u00fcr diverse M\u00fcnz- und Scheinpr\u00fcfer vorgesehen, sodass diese einfach nur eingesteckt werden m\u00fcssen.<\/p>\n\n\n\n<p><span style=\"background-color:#00d084\" class=\"has-inline-background\"><strong>Ohne Internet geht es nicht:<\/strong><\/span> Daher setzen wir nicht wie viele Anbieter auf LTE-Module im Ger\u00e4t &#8211; denn diese haben oft eine nur schlechte Internetverbindung. Die Folge: Niemand kann zahlen. <br>Stattdessen verwenden wir externe LTE-Empf\u00e4nger mit leistungsstarken Antennen oder DSL-Festanschl\u00fcsse. Damit Ihre Kunden nicht unzufrieden davonziehen.<br>Au\u00dferdem senken wir hiermit die laufenden Kosten, denn alle Ger\u00e4te teilen sich einen Internetanschluss. Sie ben\u00f6tigen somit nur eine SIM-Karte pro Anlage.<\/p>\n\n\n\n<h3 class=\"wp-block-heading\">Flexbile Konfiguration<\/h3>\n\n\n\n<p>Alle relevanten Einstellungen k\u00f6nnen komfortabel von Ihnen selbst gesetzt und auch sp\u00e4ter angepasst werden.<\/p>\n\n\n\n<p>W\u00e4hlen Sie aus, welche Betr\u00e4ge der Nutzer w\u00e4hlen kann. Sie k\u00f6nnen einen Mindest- und Maximalbetrag festlegen sowie die Stufen in welcher der Betrag zu w\u00e4hlen ist.<\/p>\n\n\n\n<p>Stellen Sie ein, wie Signale an Ihre Anlage ausgegeben werden. Ob der Betrag in Impulsen an die Anlage gesendet wird oder ein Ausgang f\u00fcr eine vorgegebene Zeit pro Centbetrag gesetzt wird &#8211; es liegt ganz an Ihnen.<\/p>\n\n\n\n<h3 class=\"wp-block-heading\">Sicherheit<\/h3>\n\n\n\n<p><strong><span style=\"background-color:#00d084\" class=\"has-inline-background\">Gegen Vandalismus:<\/span><\/strong> Die Ger\u00e4te sind so ausgef\u00fchrt, dass Sie nur mit roher Gewalt besch\u00e4digt werden k\u00f6nnen. <\/p>\n\n\n\n<p><strong><span style=\"background-color:#00d084\" class=\"has-inline-background\">Gegen Sabotage:<\/span><\/strong> Das Ger\u00e4t verf\u00fcgt \u00fcber eine Sabotageerkennung, welche gesetzlich vorgeschrieben ist. Bei einem Versuch sperrt sich das Ger\u00e4t selbst und gespeicherte Daten sind sicher.<\/p>\n\n\n\n<p><strong><span style=\"background-color:#00d084\" class=\"has-inline-background\">Gegen Diebstahl:<\/span><\/strong> Die Montageschauben sind gesichert, sodass diese nicht von Au\u00dfen herausgeschraubt werden k\u00f6nnen.<\/p>\n\n\n\n<h3 class=\"wp-block-heading\">Qualit\u00e4t<\/h3>\n\n\n\n<p><span style=\"background-color:#00d084\" class=\"has-inline-background\"><strong>Hochwertige Komponenten:<\/strong><\/span> Unsere Produkte werden ausschlie\u00dflich mit Komponenten in Industriequalit\u00e4t ausgestattet. Hochwertige Bedienelemente und ein ausgezeichnetes OLED-Display erm\u00f6glichen die Nutzung bei jeder Witterung. Sei es direkte Sonneneinstrahlung oder Regen.<\/p>\n\n\n\n<p><strong><span style=\"background-color:#00d084\" class=\"has-inline-background\">Made in Germany:<\/span><\/strong> Unsere Ger\u00e4te werden in Deutschland entwickelt und produziert. Sie erf\u00fcllen alle notwendigen Zertifizierungen und stellen sicher, dass die Daten Ihrer Kunden nicht in falsche H\u00e4nde gelangen.<\/p>\n\n\n\n<h3 class=\"wp-block-heading\">Kosten<\/h3>\n\n\n\n<p><strong><span style=\"background-color:#00d084\" class=\"has-inline-background\">Anschaffungskosten:<\/span><\/strong> Qualit\u00e4t ist wichtiger als der Preis. Umso erstaunlicher, dass wir hier dennoch attraktive Konditionen bieten k\u00f6nnen.<\/p>\n\n\n\n<p><strong><span style=\"background-color:#00d084\" class=\"has-inline-background\">Kosten f\u00fcr Internet:<\/span><\/strong> Jedes Kartenzahlsystem ben\u00f6tigt Internet. Ist an Ihrer Anlage bisher kein Internet vorhanden, so profitieren Sie von unserer kosteng\u00fcnstigen Methode, welche nicht pro Bezahlterminal Geb\u00fchren verursacht, sondern nur einmal pro Anlage.<\/p>\n\n\n\n<p><strong><span style=\"background-color:#00d084\" class=\"has-inline-background\">Laufende Kosten:<\/span><\/strong> Das Abwickeln von Kartenzahlungstransaktionen kostet immer Geb\u00fchren. Allerdings oftmals deutlich mehr als man denkt. Wir haben die besten Konditionen f\u00fcr Sie herausgesucht und geben diese gerne an Sie weiter. \u00dcberzeugen Sie sich selbst!<\/p>\n\n\n\n<p>Kurzum: Wo andere Anbieter mit Abomodellen und hohen Grundgeb\u00fchren aufwarten, k\u00f6nnen wir fast unschlagbare Konditionen anbieten. <a aria-label=\"Kontaktieren Sie uns (opens in a new tab)\" href=\"https:\/\/protecweb.de\/en\/kontakt\/\" target=\"_blank\" rel=\"noreferrer noopener\" class=\"ek-link\">Kontaktieren Sie uns<\/a> gerne f\u00fcr ein unverbindliches Angebot.<\/p>\n\n\n\n<h3 class=\"wp-block-heading\">Noch nicht \u00fcberzeugt?<\/h3>\n\n\n\n<p><strong><span style=\"background-color:#00d084\" class=\"has-inline-background\">Schon geh\u00f6rt?<\/span><\/strong> Studien belegen, dass Kunden mehr Geld ausgeben, wenn sie mit Karte zahlen. Probieren Sie es aus und achten Sie selbst einmal darauf. Kartenzahlung hilft also nicht nur Ihren Kunden, sondern auch Ihnen.<\/p>\n\n\n\n<p>Oder schauen Sie sich einfach ein Demo-Video eines unserer Kunden an:<\/p>\n\n\n\n<figure class=\"wp-block-image size-large\"><a href=\"https:\/\/youtube.com\/shorts\/yWBGfkMlOrA\" target=\"_blank\" rel=\"noreferrer noopener\"><img loading=\"lazy\" decoding=\"async\" width=\"1024\" height=\"576\" src=\"https:\/\/protecweb.de\/wp-content\/uploads\/2022\/11\/YouTube_ContactlessPayment-1024x576.png\" alt=\"\" class=\"wp-image-608\" srcset=\"https:\/\/protecweb.de\/wp-content\/uploads\/2022\/11\/YouTube_ContactlessPayment-1024x576.png 1024w, https:\/\/protecweb.de\/wp-content\/uploads\/2022\/11\/YouTube_ContactlessPayment-300x169.png 300w, https:\/\/protecweb.de\/wp-content\/uploads\/2022\/11\/YouTube_ContactlessPayment-768x432.png 768w, https:\/\/protecweb.de\/wp-content\/uploads\/2022\/11\/YouTube_ContactlessPayment-1536x864.png 1536w, https:\/\/protecweb.de\/wp-content\/uploads\/2022\/11\/YouTube_ContactlessPayment-18x10.png 18w, https:\/\/protecweb.de\/wp-content\/uploads\/2022\/11\/YouTube_ContactlessPayment-107x60.png 107w, https:\/\/protecweb.de\/wp-content\/uploads\/2022\/11\/YouTube_ContactlessPayment.png 1930w\" sizes=\"auto, (max-width: 1024px) 100vw, 1024px\" \/><\/a><\/figure>\n\n\n\n<p>Haben Sie noch offene Fragen oder ben\u00f6tigen Sie Beratung? Wir helfen gerne weiter.<\/p>\n\n\n\n<p><a href=\"https:\/\/protecweb.de\/en\/kontakt\/\" class=\"ek-link\">Contact<\/a><\/p>\n\n\n\n<h3 class=\"has-white-color has-text-color wp-block-heading\">Stichw\u00f6rter<\/h3>\n\n\n\n<p class=\"has-white-color has-text-color\">Kartenzahlung, Bezahlterminal, Kartenterminal, kontaktlose Zahlung, NFC, Near Field Communication, Kreditkarte, Debit-Karte, Bankkarte, Zahlung per Smartphone, Zahlung per Smartwatch, Waschanlage, SB-Waschanlage, M\u00fcnzpr\u00fcfer, Scheinwechsler, Wertmarken, Wertmarkenautomat, Nachr\u00fcstung, wasserdicht, witterungsbest\u00e4ndig, robust, Vandalismusschutz.<\/p>","protected":false},"excerpt":{"rendered":"<p>Speziell f\u00fcr SB-Waschanlagen &#8211; aber auch \u00fcberall anders nutzbar. Sie suchen nach einer einfachen L\u00f6sung in Ihre bestehende SB-Waschanlage kontaktlose Zahlung nachzur\u00fcsten? Kein Problem! Wir haben die L\u00f6sung: Unser Kartenterminal f\u00fcr kontaktlose Zahlung. In der Anschaffung und insbesondere in Sachen laufende Kosten ist es eines der kosteng\u00fcnstigsten auf dem Markt. Warum kontaktlose Zahlung? Kontaktlose Zahlung &hellip; <\/p>","protected":false},"author":1,"featured_media":0,"parent":0,"menu_order":0,"comment_status":"closed","ping_status":"closed","template":"","meta":{"_editorskit_title_hidden":false,"_editorskit_reading_time":3,"_editorskit_is_block_options_detached":false,"_editorskit_block_options_position":"{}","footnotes":""},"class_list":["post-539","page","type-page","status-publish","hentry"],"yoast_head":"<!-- This site is optimized with the Yoast SEO plugin v27.5 - https:\/\/yoast.com\/product\/yoast-seo-wordpress\/ -->\n<title>Kontaktlose Zahlung - proTEC-Vision Automation GmbH<\/title>\n<meta name=\"description\" content=\"Terminal f\u00fcr Kontaktlose Zahlung (Kartenzahlung) f\u00fcr SB-Waschanlagen. Robust. Nachr\u00fcstbar. Kompatibel mit M\u00fcnzpr\u00fcfern und Scheinpr\u00fcfern.\" \/>\n<meta name=\"robots\" content=\"index, follow, max-snippet:-1, max-image-preview:large, max-video-preview:-1\" \/>\n<link rel=\"canonical\" href=\"https:\/\/protecweb.de\/en\/kontaktlose-zahlung\/\" \/>\n<meta property=\"og:locale\" content=\"en_US\" \/>\n<meta property=\"og:type\" content=\"article\" \/>\n<meta property=\"og:title\" content=\"Kontaktlose Zahlung - proTEC-Vision Automation GmbH\" \/>\n<meta property=\"og:description\" content=\"Terminal f\u00fcr Kontaktlose Zahlung (Kartenzahlung) f\u00fcr SB-Waschanlagen. Robust. Nachr\u00fcstbar. Kompatibel mit M\u00fcnzpr\u00fcfern und Scheinpr\u00fcfern.\" \/>\n<meta property=\"og:url\" content=\"https:\/\/protecweb.de\/en\/kontaktlose-zahlung\/\" \/>\n<meta property=\"og:site_name\" content=\"proTEC-Vision Automation GmbH\" \/>\n<meta property=\"article:modified_time\" content=\"2023-01-26T11:44:33+00:00\" \/>\n<meta property=\"og:image\" content=\"https:\/\/protecweb.de\/wp-content\/uploads\/2022\/11\/YouTube_ContactlessPayment-1024x576.png\" \/>\n<meta name=\"twitter:card\" content=\"summary_large_image\" \/>\n<meta name=\"twitter:label1\" content=\"Est. reading time\" \/>\n\t<meta name=\"twitter:data1\" content=\"5 minutes\" \/>\n<script type=\"application\/ld+json\" class=\"yoast-schema-graph\">{\"@context\":\"https:\\\/\\\/schema.org\",\"@graph\":[{\"@type\":\"WebPage\",\"@id\":\"https:\\\/\\\/protecweb.de\\\/kontaktlose-zahlung\\\/\",\"url\":\"https:\\\/\\\/protecweb.de\\\/kontaktlose-zahlung\\\/\",\"name\":\"Kontaktlose Zahlung - proTEC-Vision Automation GmbH\",\"isPartOf\":{\"@id\":\"https:\\\/\\\/protecweb.de\\\/#website\"},\"primaryImageOfPage\":{\"@id\":\"https:\\\/\\\/protecweb.de\\\/kontaktlose-zahlung\\\/#primaryimage\"},\"image\":{\"@id\":\"https:\\\/\\\/protecweb.de\\\/kontaktlose-zahlung\\\/#primaryimage\"},\"thumbnailUrl\":\"https:\\\/\\\/protecweb.de\\\/wp-content\\\/uploads\\\/2022\\\/11\\\/YouTube_ContactlessPayment-1024x576.png\",\"datePublished\":\"2022-09-29T09:32:49+00:00\",\"dateModified\":\"2023-01-26T11:44:33+00:00\",\"description\":\"Terminal f\u00fcr Kontaktlose Zahlung (Kartenzahlung) f\u00fcr SB-Waschanlagen. Robust. Nachr\u00fcstbar. Kompatibel mit M\u00fcnzpr\u00fcfern und Scheinpr\u00fcfern.\",\"breadcrumb\":{\"@id\":\"https:\\\/\\\/protecweb.de\\\/kontaktlose-zahlung\\\/#breadcrumb\"},\"inLanguage\":\"en-US\",\"potentialAction\":[{\"@type\":\"ReadAction\",\"target\":[\"https:\\\/\\\/protecweb.de\\\/kontaktlose-zahlung\\\/\"]}]},{\"@type\":\"ImageObject\",\"inLanguage\":\"en-US\",\"@id\":\"https:\\\/\\\/protecweb.de\\\/kontaktlose-zahlung\\\/#primaryimage\",\"url\":\"https:\\\/\\\/protecweb.de\\\/wp-content\\\/uploads\\\/2022\\\/11\\\/YouTube_ContactlessPayment-1024x576.png\",\"contentUrl\":\"https:\\\/\\\/protecweb.de\\\/wp-content\\\/uploads\\\/2022\\\/11\\\/YouTube_ContactlessPayment-1024x576.png\"},{\"@type\":\"BreadcrumbList\",\"@id\":\"https:\\\/\\\/protecweb.de\\\/kontaktlose-zahlung\\\/#breadcrumb\",\"itemListElement\":[{\"@type\":\"ListItem\",\"position\":1,\"name\":\"Startseite\",\"item\":\"https:\\\/\\\/protecweb.de\\\/\"},{\"@type\":\"ListItem\",\"position\":2,\"name\":\"Kontaktlose Zahlung\"}]},{\"@type\":\"WebSite\",\"@id\":\"https:\\\/\\\/protecweb.de\\\/#website\",\"url\":\"https:\\\/\\\/protecweb.de\\\/\",\"name\":\"proTEC-Vision Automation GmbH\",\"description\":\"Industrielle Bildverarbeitung und RFID-Systeme\",\"publisher\":{\"@id\":\"https:\\\/\\\/protecweb.de\\\/#organization\"},\"potentialAction\":[{\"@type\":\"SearchAction\",\"target\":{\"@type\":\"EntryPoint\",\"urlTemplate\":\"https:\\\/\\\/protecweb.de\\\/?s={search_term_string}\"},\"query-input\":{\"@type\":\"PropertyValueSpecification\",\"valueRequired\":true,\"valueName\":\"search_term_string\"}}],\"inLanguage\":\"en-US\"},{\"@type\":\"Organization\",\"@id\":\"https:\\\/\\\/protecweb.de\\\/#organization\",\"name\":\"proTEC-Vision Automation GmbH\",\"url\":\"https:\\\/\\\/protecweb.de\\\/\",\"logo\":{\"@type\":\"ImageObject\",\"inLanguage\":\"en-US\",\"@id\":\"https:\\\/\\\/protecweb.de\\\/#\\\/schema\\\/logo\\\/image\\\/\",\"url\":\"https:\\\/\\\/protecweb.de\\\/wp-content\\\/uploads\\\/2020\\\/09\\\/proTEC_Icon_256.ico\",\"contentUrl\":\"https:\\\/\\\/protecweb.de\\\/wp-content\\\/uploads\\\/2020\\\/09\\\/proTEC_Icon_256.ico\",\"width\":1,\"height\":1,\"caption\":\"proTEC-Vision Automation GmbH\"},\"image\":{\"@id\":\"https:\\\/\\\/protecweb.de\\\/#\\\/schema\\\/logo\\\/image\\\/\"}}]}<\/script>\n<!-- \/ Yoast SEO plugin. -->","yoast_head_json":{"title":"Kontaktlose Zahlung - proTEC-Vision Automation GmbH","description":"Terminal f\u00fcr Kontaktlose Zahlung (Kartenzahlung) f\u00fcr SB-Waschanlagen. Robust. Nachr\u00fcstbar. Kompatibel mit M\u00fcnzpr\u00fcfern und Scheinpr\u00fcfern.","robots":{"index":"index","follow":"follow","max-snippet":"max-snippet:-1","max-image-preview":"max-image-preview:large","max-video-preview":"max-video-preview:-1"},"canonical":"https:\/\/protecweb.de\/en\/kontaktlose-zahlung\/","og_locale":"en_US","og_type":"article","og_title":"Kontaktlose Zahlung - proTEC-Vision Automation GmbH","og_description":"Terminal f\u00fcr Kontaktlose Zahlung (Kartenzahlung) f\u00fcr SB-Waschanlagen. Robust. Nachr\u00fcstbar. Kompatibel mit M\u00fcnzpr\u00fcfern und Scheinpr\u00fcfern.","og_url":"https:\/\/protecweb.de\/en\/kontaktlose-zahlung\/","og_site_name":"proTEC-Vision Automation GmbH","article_modified_time":"2023-01-26T11:44:33+00:00","og_image":[{"url":"https:\/\/protecweb.de\/wp-content\/uploads\/2022\/11\/YouTube_ContactlessPayment-1024x576.png","type":"","width":"","height":""}],"twitter_card":"summary_large_image","twitter_misc":{"Est. reading time":"5 minutes"},"schema":{"@context":"https:\/\/schema.org","@graph":[{"@type":"WebPage","@id":"https:\/\/protecweb.de\/kontaktlose-zahlung\/","url":"https:\/\/protecweb.de\/kontaktlose-zahlung\/","name":"Kontaktlose Zahlung - proTEC-Vision Automation GmbH","isPartOf":{"@id":"https:\/\/protecweb.de\/#website"},"primaryImageOfPage":{"@id":"https:\/\/protecweb.de\/kontaktlose-zahlung\/#primaryimage"},"image":{"@id":"https:\/\/protecweb.de\/kontaktlose-zahlung\/#primaryimage"},"thumbnailUrl":"https:\/\/protecweb.de\/wp-content\/uploads\/2022\/11\/YouTube_ContactlessPayment-1024x576.png","datePublished":"2022-09-29T09:32:49+00:00","dateModified":"2023-01-26T11:44:33+00:00","description":"Terminal f\u00fcr Kontaktlose Zahlung (Kartenzahlung) f\u00fcr SB-Waschanlagen. Robust. Nachr\u00fcstbar. Kompatibel mit M\u00fcnzpr\u00fcfern und Scheinpr\u00fcfern.","breadcrumb":{"@id":"https:\/\/protecweb.de\/kontaktlose-zahlung\/#breadcrumb"},"inLanguage":"en-US","potentialAction":[{"@type":"ReadAction","target":["https:\/\/protecweb.de\/kontaktlose-zahlung\/"]}]},{"@type":"ImageObject","inLanguage":"en-US","@id":"https:\/\/protecweb.de\/kontaktlose-zahlung\/#primaryimage","url":"https:\/\/protecweb.de\/wp-content\/uploads\/2022\/11\/YouTube_ContactlessPayment-1024x576.png","contentUrl":"https:\/\/protecweb.de\/wp-content\/uploads\/2022\/11\/YouTube_ContactlessPayment-1024x576.png"},{"@type":"BreadcrumbList","@id":"https:\/\/protecweb.de\/kontaktlose-zahlung\/#breadcrumb","itemListElement":[{"@type":"ListItem","position":1,"name":"Startseite","item":"https:\/\/protecweb.de\/"},{"@type":"ListItem","position":2,"name":"Kontaktlose Zahlung"}]},{"@type":"WebSite","@id":"https:\/\/protecweb.de\/#website","url":"https:\/\/protecweb.de\/","name":"proTEC-Vision Automation GmbH","description":"Industrial image processing and RFID systems","publisher":{"@id":"https:\/\/protecweb.de\/#organization"},"potentialAction":[{"@type":"SearchAction","target":{"@type":"EntryPoint","urlTemplate":"https:\/\/protecweb.de\/?s={search_term_string}"},"query-input":{"@type":"PropertyValueSpecification","valueRequired":true,"valueName":"search_term_string"}}],"inLanguage":"en-US"},{"@type":"Organization","@id":"https:\/\/protecweb.de\/#organization","name":"proTEC-Vision Automation GmbH","url":"https:\/\/protecweb.de\/","logo":{"@type":"ImageObject","inLanguage":"en-US","@id":"https:\/\/protecweb.de\/#\/schema\/logo\/image\/","url":"https:\/\/protecweb.de\/wp-content\/uploads\/2020\/09\/proTEC_Icon_256.ico","contentUrl":"https:\/\/protecweb.de\/wp-content\/uploads\/2020\/09\/proTEC_Icon_256.ico","width":1,"height":1,"caption":"proTEC-Vision Automation GmbH"},"image":{"@id":"https:\/\/protecweb.de\/#\/schema\/logo\/image\/"}}]}},"_links":{"self":[{"href":"https:\/\/protecweb.de\/en\/wp-json\/wp\/v2\/pages\/539","targetHints":{"allow":["GET"]}}],"collection":[{"href":"https:\/\/protecweb.de\/en\/wp-json\/wp\/v2\/pages"}],"about":[{"href":"https:\/\/protecweb.de\/en\/wp-json\/wp\/v2\/types\/page"}],"author":[{"embeddable":true,"href":"https:\/\/protecweb.de\/en\/wp-json\/wp\/v2\/users\/1"}],"replies":[{"embeddable":true,"href":"https:\/\/protecweb.de\/en\/wp-json\/wp\/v2\/comments?post=539"}],"version-history":[{"count":3,"href":"https:\/\/protecweb.de\/en\/wp-json\/wp\/v2\/pages\/539\/revisions"}],"predecessor-version":[{"id":694,"href":"https:\/\/protecweb.de\/en\/wp-json\/wp\/v2\/pages\/539\/revisions\/694"}],"wp:attachment":[{"href":"https:\/\/protecweb.de\/en\/wp-json\/wp\/v2\/media?parent=539"}],"curies":[{"name":"wp","href":"https:\/\/api.w.org\/{rel}","templated":true}]}}